{"id":831,"date":"2024-01-22T19:35:51","date_gmt":"2024-01-22T19:35:51","guid":{"rendered":"https:\/\/bxcadvisors.com\/?page_id=831"},"modified":"2025-03-05T18:02:13","modified_gmt":"2025-03-05T17:02:13","slug":"nosotros","status":"publish","type":"page","link":"https:\/\/bxcadvisors.com\/en\/nosotros\/","title":{"rendered":"About Us"},"content":{"rendered":"<div data-elementor-type=\"wp-page\" data-elementor-id=\"831\" class=\"elementor elementor-831\" data-elementor-post-type=\"page\">\n\t\t\t\t<div class=\"elementor-element elementor-element-d2dff17 e-con-full e-flex e-con e-parent\" data-id=\"d2dff17\" data-element_type=\"container\" data-e-type=\"container\">\n\t\t\t\t<div class=\"elementor-element elementor-element-72a1d4d elementor-widget elementor-widget-spacer\" data-id=\"72a1d4d\" data-element_type=\"widget\" data-e-type=\"widget\" data-widget_type=\"spacer.default\">\n\t\t\t\t<div class=\"elementor-widget-container\">\n\t\t\t\t\t\t\t<div class=\"elementor-spacer\">\n\t\t\t<div class=\"elementor-spacer-inner\"><\/div>\n\t\t<\/div>\n\t\t\t\t\t\t<\/div>\n\t\t\t\t<\/div>\n\t\t\t\t<div class=\"elementor-element elementor-element-67ca135 elementor-widget elementor-widget-heading\" data-id=\"67ca135\" data-element_type=\"widget\" data-e-type=\"widget\" data-widget_type=\"heading.default\">\n\t\t\t\t<div class=\"elementor-widget-container\">\n\t\t\t\t\t<h2 class=\"elementor-heading-title elementor-size-default\">Professional Approach and Mission, Vision and Strategic Objectives<\/h2>\t\t\t\t<\/div>\n\t\t\t\t<\/div>\n\t\t\t\t<\/div>\n\t\t<div class=\"elementor-element elementor-element-5705c21 e-con-full e-flex e-con e-parent\" data-id=\"5705c21\" data-element_type=\"container\" data-e-type=\"container\">\n\t\t<div class=\"elementor-element elementor-element-8590997 e-con-full e-flex e-con e-child\" data-id=\"8590997\" data-element_type=\"container\" data-e-type=\"container\">\n\t\t\t\t<div class=\"elementor-element elementor-element-2d34071 elementor-widget elementor-widget-heading\" data-id=\"2d34071\" data-element_type=\"widget\" data-e-type=\"widget\" data-widget_type=\"heading.default\">\n\t\t\t\t<div class=\"elementor-widget-container\">\n\t\t\t\t\t<h2 class=\"elementor-heading-title elementor-size-default\">Mission<\/h2>\t\t\t\t<\/div>\n\t\t\t\t<\/div>\n\t\t\t\t<div class=\"elementor-element elementor-element-6e00646 elementor-widget elementor-widget-heading\" data-id=\"6e00646\" data-element_type=\"widget\" data-e-type=\"widget\" data-widget_type=\"heading.default\">\n\t\t\t\t<div class=\"elementor-widget-container\">\n\t\t\t\t\t<h3 class=\"elementor-heading-title elementor-size-default\">BXC ADVISORS: Connecting Your Dreams to Reality<\/h3>\t\t\t\t<\/div>\n\t\t\t\t<\/div>\n\t\t\t\t<div class=\"elementor-element elementor-element-d227a6d elementor-widget elementor-widget-text-editor\" data-id=\"d227a6d\" data-element_type=\"widget\" data-e-type=\"widget\" data-widget_type=\"text-editor.default\">\n\t\t\t\t<div class=\"elementor-widget-container\">\n\t\t\t\t\t\t\t\t\t<p>At BXC ADVISORS, as managers and lawyers, we forge a unique alliance of synergies and comprehensive solutions in immigration, tax, labor, civil and property management. Beyond offering services, we are facilitators that link your dreams with reality. At every step, we work to connect our clients with their personal, professional and corporate goals. Through an unwavering commitment to excellence and meticulous attention to detail, we seek to be trusted partners in the journey to success of those who trust us.<\/p>\t\t\t\t\t\t\t\t<\/div>\n\t\t\t\t<\/div>\n\t\t\t\t<\/div>\n\t\t<div class=\"elementor-element elementor-element-3790d51 e-con-full e-flex e-con e-child\" data-id=\"3790d51\" data-element_type=\"container\" data-e-type=\"container\">\n\t\t\t\t<div class=\"elementor-element elementor-element-8bee19e elementor-widget elementor-widget-heading\" data-id=\"8bee19e\" data-element_type=\"widget\" data-e-type=\"widget\" data-widget_type=\"heading.default\">\n\t\t\t\t<div class=\"elementor-widget-container\">\n\t\t\t\t\t<h2 class=\"elementor-heading-title elementor-size-default\">Vission 2027<\/h2>\t\t\t\t<\/div>\n\t\t\t\t<\/div>\n\t\t\t\t<div class=\"elementor-element elementor-element-b3e2f1b elementor-widget elementor-widget-heading\" data-id=\"b3e2f1b\" data-element_type=\"widget\" data-e-type=\"widget\" data-widget_type=\"heading.default\">\n\t\t\t\t<div class=\"elementor-widget-container\">\n\t\t\t\t\t<h3 class=\"elementor-heading-title elementor-size-default\">Visionary Leaders in Comprehensive Solutions<\/h3>\t\t\t\t<\/div>\n\t\t\t\t<\/div>\n\t\t\t\t<div class=\"elementor-element elementor-element-85885ce elementor-widget elementor-widget-text-editor\" data-id=\"85885ce\" data-element_type=\"widget\" data-e-type=\"widget\" data-widget_type=\"text-editor.default\">\n\t\t\t\t<div class=\"elementor-widget-container\">\n\t\t\t\t\t\t\t\t\t<p>Looking ahead to 2027, we aspire to be visionary leaders in comprehensive solutions. We stand out as references not only in management, but as effective connectors in immigration, fiscal, labor, civil and property matters. We raise the standards of service and customer service, transcending borders and setting the standard on the global scene. We strive to be the undisputed reference and agents of change in building a more prosperous and connected future.<\/p>\t\t\t\t\t\t\t\t<\/div>\n\t\t\t\t<\/div>\n\t\t\t\t<\/div>\n\t\t<div class=\"elementor-element elementor-element-745b802 e-con-full e-flex e-con e-child\" data-id=\"745b802\" data-element_type=\"container\" data-e-type=\"container\">\n\t\t\t\t<div class=\"elementor-element elementor-element-ecf7aa3 elementor-widget elementor-widget-heading\" data-id=\"ecf7aa3\" data-element_type=\"widget\" data-e-type=\"widget\" data-widget_type=\"heading.default\">\n\t\t\t\t<div class=\"elementor-widget-container\">\n\t\t\t\t\t<h2 class=\"elementor-heading-title elementor-size-default\">General objective<\/h2>\t\t\t\t<\/div>\n\t\t\t\t<\/div>\n\t\t\t\t<div class=\"elementor-element elementor-element-6138cc9 elementor-widget elementor-widget-heading\" data-id=\"6138cc9\" data-element_type=\"widget\" data-e-type=\"widget\" data-widget_type=\"heading.default\">\n\t\t\t\t<div class=\"elementor-widget-container\">\n\t\t\t\t\t<h3 class=\"elementor-heading-title elementor-size-default\">Exceeding Expectations, Defining Excellence<\/h3>\t\t\t\t<\/div>\n\t\t\t\t<\/div>\n\t\t\t\t<div class=\"elementor-element elementor-element-2a6f927 elementor-widget elementor-widget-text-editor\" data-id=\"2a6f927\" data-element_type=\"widget\" data-e-type=\"widget\" data-widget_type=\"text-editor.default\">\n\t\t\t\t<div class=\"elementor-widget-container\">\n\t\t\t\t\t\t\t\t\t<p>We lead BXC ADVISORS towards an unmatched position in the comprehensive management landscape. Our main objective is to provide exceptional and personalized solutions that exceed our clients' expectations, thus contributing to their success and well-being. Through constant innovation, strategic expansion and an unwavering commitment to quality, we aspire to be recognized as the undisputed benchmark and preferred partner in comprehensive management for individuals and companies at a national and international level.<\/p>\t\t\t\t\t\t\t\t<\/div>\n\t\t\t\t<\/div>\n\t\t\t\t<\/div>\n\t\t\t\t<\/div>\n\t\t<div class=\"elementor-element elementor-element-fecc0e1 e-flex e-con-boxed e-con e-parent\" data-id=\"fecc0e1\" data-element_type=\"container\" data-e-type=\"container\">\n\t\t\t\t\t<div class=\"e-con-inner\">\n\t\t\t\t<div class=\"elementor-element elementor-element-a07b985 elementor-widget elementor-widget-heading\" data-id=\"a07b985\" data-element_type=\"widget\" data-e-type=\"widget\" data-widget_type=\"heading.default\">\n\t\t\t\t<div class=\"elementor-widget-container\">\n\t\t\t\t\t<h2 class=\"elementor-heading-title elementor-size-default\">Strategic Objectives:<\/h2>\t\t\t\t<\/div>\n\t\t\t\t<\/div>\n\t\t\t\t<div class=\"elementor-element elementor-element-d38c838 elementor-widget elementor-widget-text-editor\" data-id=\"d38c838\" data-element_type=\"widget\" data-e-type=\"widget\" data-widget_type=\"text-editor.default\">\n\t\t\t\t<div class=\"elementor-widget-container\">\n\t\t\t\t\t\t\t\t\t<ol>\n \t<li><strong>Achievement Perspective:<\/strong>\n\t\t<ul>\n\t\t\t<li>Maintain trust through efficient services and unwavering fulfillment of commitments.<\/li>\n\t\t<\/ul>\n\t<\/li>\n \t<li><strong>Customer Perspective:<\/strong>\n\t\t<ul>\n\t\t\t<li>Optimize customer service by expanding communication channels, improving response times and adopting technological tools.<\/li>\n\t\t\t<li>Develop personalized strategies for clients, considering the particularities of their situations.<\/li>\n\t\t<\/ul>\n\t<\/li>\n \t<li><strong>International Perspective:<\/strong><\/li>\n\n\n<ul>\n \t<li>Position ourselves as leaders in immigration management services at a global level, through strategic alliances, international expansion and adaptation of services to the needs of foreign clients.<\/li>\n<\/ul>\n\n \t<li><strong>Financial Perspective:<\/strong>\n<ul>\n \t<li>Optimize resources and budgets, guaranteeing efficient planning and control.<\/li>\n<\/ul>\n<\/li>\n \t<li><strong>Internal Processes Perspective:<\/strong><\/li>\n\n\n<ul>\n \t<li>Advance quality management to fully satisfy customers and achieve excellence.<\/li>\n<\/ul>\n\n\n\n<ul>\n \t<li>Implement integrated information systems to improve efficiency in response time and activation of planned strategies.<\/li>\n<\/ul>\n\n\n\n \t<li><strong>Growth, Learning and Development Perspective:<\/strong><\/li>\n\n<ul>\n \t<li>Adjust organizational structure to align with customer dynamics.<\/li>\n<\/ul>\n<ol>\n \t<li style=\"list-style-type: none;\">\n<ul>\n \t<li>Strengthen staff skills for exceptional service.<\/li>\n<\/ul>\n<\/li>\n<\/ol>\t\t\t\t\t\t\t\t<\/div>\n\t\t\t\t<\/div>\n\t\t\t\t\t<\/div>\n\t\t\t\t<\/div>\n\t\t<div class=\"elementor-element elementor-element-d984457 e-flex e-con-boxed e-con e-parent\" data-id=\"d984457\" data-element_type=\"container\" data-e-type=\"container\">\n\t\t\t\t\t<div class=\"e-con-inner\">\n\t\t\t\t<div class=\"elementor-element elementor-element-cc2b624 elementor-widget elementor-widget-spacer\" data-id=\"cc2b624\" data-element_type=\"widget\" data-e-type=\"widget\" data-widget_type=\"spacer.default\">\n\t\t\t\t<div class=\"elementor-widget-container\">\n\t\t\t\t\t\t\t<div class=\"elementor-spacer\">\n\t\t\t<div class=\"elementor-spacer-inner\"><\/div>\n\t\t<\/div>\n\t\t\t\t\t\t<\/div>\n\t\t\t\t<\/div>\n\t\t\t\t<div class=\"elementor-element elementor-element-35edbe7 elementor-widget elementor-widget-heading\" data-id=\"35edbe7\" data-element_type=\"widget\" data-e-type=\"widget\" data-widget_type=\"heading.default\">\n\t\t\t\t<div class=\"elementor-widget-container\">\n\t\t\t\t\t<h2 class=\"elementor-heading-title elementor-size-default\">Principles and Values: Raising Trust, Building Lasting Relationships<\/h2>\t\t\t\t<\/div>\n\t\t\t\t<\/div>\n\t\t\t\t<div class=\"elementor-element elementor-element-13c53fb elementor-widget elementor-widget-text-editor\" data-id=\"13c53fb\" data-element_type=\"widget\" data-e-type=\"widget\" data-widget_type=\"text-editor.default\">\n\t\t\t\t<div class=\"elementor-widget-container\">\n\t\t\t\t\t\t\t\t\t<h5><strong>Ethical principles:<\/strong><\/h5><ol><li><strong>Transparency:<\/strong><ul><li>Clear and accurate information to strengthen trust.<\/li><\/ul><\/li><li><strong>Confidentiality:<\/strong><ul><li>Guaranteeing authorized access to information.<\/li><\/ul><\/li><li><strong>Customer service:<\/strong><ul><li>Guide the provision of the service towards suitability and promptness in responding to customer requirements.<\/li><\/ul><\/li><li><strong>Teamwork:<\/strong><ul><li>Collaboration for effectiveness in the provision of services.<\/li><\/ul><\/li><li><strong>Effectiveness:<\/strong><ul><li>Orientation towards success in each service.<\/li><\/ul><\/li><li><strong>Process Facilitation:<\/strong><ul><li>Simplifying and streamlining processes, building lasting relationships.<\/li><\/ul><\/li><\/ol><h5><strong>Ethical values:<\/strong><\/h5><ol><li><strong>Honesty:<\/strong><ul><li>Act fairly and uprightly, prioritizing the interests of clients.<\/li><\/ul><\/li><li><strong>I respect:<\/strong><ul><li>Accept and understand the particularities of each person, valuing their qualities and environment.<\/li><\/ul><\/li><li><strong>Loyalty:<\/strong><ul><li>Fidelity to the vocation of service.<\/li><\/ul><\/li><li><strong>Responsibility:<\/strong><ul><li>Fulfill the assigned duty to achieve the objectives.<\/li><\/ul><\/li><li><strong>Transparency:<\/strong><ul><li>Show, support and communicate actions in an agile, complete and truthful manner.<\/li><\/ul><\/li><li><strong>Discipline:<\/strong><ul><li>Respect the rules and guidelines, building on the foundation of discipline.<\/li><\/ul><\/li><\/ol>\t\t\t\t\t\t\t\t<\/div>\n\t\t\t\t<\/div>\n\t\t\t\t<div class=\"elementor-element elementor-element-9a34051 elementor-widget elementor-widget-spacer\" data-id=\"9a34051\" data-element_type=\"widget\" data-e-type=\"widget\" data-widget_type=\"spacer.default\">\n\t\t\t\t<div class=\"elementor-widget-container\">\n\t\t\t\t\t\t\t<div class=\"elementor-spacer\">\n\t\t\t<div class=\"elementor-spacer-inner\"><\/div>\n\t\t<\/div>\n\t\t\t\t\t\t<\/div>\n\t\t\t\t<\/div>\n\t\t\t\t\t<\/div>\n\t\t\t\t<\/div>\n\t\t<div class=\"elementor-element elementor-element-08674c9 e-con-full e-flex e-con e-parent\" data-id=\"08674c9\" data-element_type=\"container\" data-e-type=\"container\">\n\t\t\t\t<\/div>\n\t\t\t\t<\/div>","protected":false},"excerpt":{"rendered":"<p>Enfoque Profesional y Misi\u00f3n, Visi\u00f3n y Objetivos Estrat\u00e9gicos Misi\u00f3n BXC ADVISORS: Conectando Tus Sue\u00f1os con la Realidad En BXC ADVISORS, como gestores y abogados, forjamos una alianza \u00fanica de sinergias y soluciones integrales en gesti\u00f3n de extranjer\u00eda, fiscal, laboral, civil y patrimonial. M\u00e1s all\u00e1 de ofrecer servicios, somos facilitadores que vinculan tus sue\u00f1os con la [&hellip;]<\/p>\n","protected":false},"author":1,"featured_media":0,"parent":0,"menu_order":0,"comment_status":"closed","ping_status":"closed","template":"","meta":{"footnotes":""},"class_list":["post-831","page","type-page","status-publish","hentry"],"yoast_head":"<!-- This site is optimized with the Yoast SEO plugin v27.4 - https:\/\/yoast.com\/product\/yoast-seo-wordpress\/ -->\n<title>Nosotros - BXC Advisors<\/title>\n<meta name=\"robots\" content=\"index, follow, max-snippet:-1, max-image-preview:large, max-video-preview:-1\" \/>\n<link rel=\"canonical\" href=\"https:\/\/bxcadvisors.com\/en\/nosotros\/\" \/>\n<meta property=\"og:locale\" content=\"en_GB\" \/>\n<meta property=\"og:type\" content=\"article\" \/>\n<meta property=\"og:title\" content=\"Nosotros - BXC Advisors\" \/>\n<meta property=\"og:description\" content=\"Enfoque Profesional y Misi\u00f3n, Visi\u00f3n y Objetivos Estrat\u00e9gicos Misi\u00f3n BXC ADVISORS: Conectando Tus Sue\u00f1os con la Realidad En BXC ADVISORS, como gestores y abogados, forjamos una alianza \u00fanica de sinergias y soluciones integrales en gesti\u00f3n de extranjer\u00eda, fiscal, laboral, civil y patrimonial. M\u00e1s all\u00e1 de ofrecer servicios, somos facilitadores que vinculan tus sue\u00f1os con la [&hellip;]\" \/>\n<meta property=\"og:url\" content=\"https:\/\/bxcadvisors.com\/en\/nosotros\/\" \/>\n<meta property=\"og:site_name\" content=\"BXC Advisors\" \/>\n<meta property=\"article:modified_time\" content=\"2025-03-05T17:02:13+00:00\" \/>\n<meta property=\"og:image\" content=\"https:\/\/bxcadvisors.com\/wp-content\/uploads\/2024\/05\/cropped-Favicon.png\" \/>\n\t<meta property=\"og:image:width\" content=\"512\" \/>\n\t<meta property=\"og:image:height\" content=\"512\" \/>\n\t<meta property=\"og:image:type\" content=\"image\/png\" \/>\n<script type=\"application\/ld+json\" class=\"yoast-schema-graph\">{\"@context\":\"https:\\\/\\\/schema.org\",\"@graph\":[{\"@type\":\"WebPage\",\"@id\":\"https:\\\/\\\/bxcadvisors.com\\\/nosotros\\\/\",\"url\":\"https:\\\/\\\/bxcadvisors.com\\\/nosotros\\\/\",\"name\":\"Nosotros - BXC Advisors\",\"isPartOf\":{\"@id\":\"https:\\\/\\\/bxcadvisors.com\\\/#website\"},\"datePublished\":\"2024-01-22T19:35:51+00:00\",\"dateModified\":\"2025-03-05T17:02:13+00:00\",\"breadcrumb\":{\"@id\":\"https:\\\/\\\/bxcadvisors.com\\\/nosotros\\\/#breadcrumb\"},\"inLanguage\":\"en-GB\",\"potentialAction\":[{\"@type\":\"ReadAction\",\"target\":[\"https:\\\/\\\/bxcadvisors.com\\\/nosotros\\\/\"]}]},{\"@type\":\"BreadcrumbList\",\"@id\":\"https:\\\/\\\/bxcadvisors.com\\\/nosotros\\\/#breadcrumb\",\"itemListElement\":[{\"@type\":\"ListItem\",\"position\":1,\"name\":\"Portada\",\"item\":\"https:\\\/\\\/bxcadvisors.com\\\/\"},{\"@type\":\"ListItem\",\"position\":2,\"name\":\"Nosotros\"}]},{\"@type\":\"WebSite\",\"@id\":\"https:\\\/\\\/bxcadvisors.com\\\/#website\",\"url\":\"https:\\\/\\\/bxcadvisors.com\\\/\",\"name\":\"BxC Advisors\",\"description\":\"Asesor\u00eda global. Expertos en extranjer\u00eda. Resoluci\u00f3n de situaciones migratorias administrativas.\",\"publisher\":{\"@id\":\"https:\\\/\\\/bxcadvisors.com\\\/#organization\"},\"potentialAction\":[{\"@type\":\"SearchAction\",\"target\":{\"@type\":\"EntryPoint\",\"urlTemplate\":\"https:\\\/\\\/bxcadvisors.com\\\/?s={search_term_string}\"},\"query-input\":{\"@type\":\"PropertyValueSpecification\",\"valueRequired\":true,\"valueName\":\"search_term_string\"}}],\"inLanguage\":\"en-GB\"},{\"@type\":\"Organization\",\"@id\":\"https:\\\/\\\/bxcadvisors.com\\\/#organization\",\"name\":\"BxC Advisors\",\"url\":\"https:\\\/\\\/bxcadvisors.com\\\/\",\"logo\":{\"@type\":\"ImageObject\",\"inLanguage\":\"en-GB\",\"@id\":\"https:\\\/\\\/bxcadvisors.com\\\/#\\\/schema\\\/logo\\\/image\\\/\",\"url\":\"https:\\\/\\\/bxcadvisors.com\\\/wp-content\\\/uploads\\\/2024\\\/03\\\/BxC-logo-202403.png\",\"contentUrl\":\"https:\\\/\\\/bxcadvisors.com\\\/wp-content\\\/uploads\\\/2024\\\/03\\\/BxC-logo-202403.png\",\"width\":1123,\"height\":794,\"caption\":\"BxC Advisors\"},\"image\":{\"@id\":\"https:\\\/\\\/bxcadvisors.com\\\/#\\\/schema\\\/logo\\\/image\\\/\"},\"sameAs\":[\"https:\\\/\\\/www.instagram.com\\\/bxcadvisors\",\"https:\\\/\\\/www.tiktok.com\\\/@bxc_advisors\",\"https:\\\/\\\/www.youtube.com\\\/@BxCAdvisors\"]}]}<\/script>\n<!-- \/ Yoast SEO plugin. -->","yoast_head_json":{"title":"Nosotros - BXC Advisors","robots":{"index":"index","follow":"follow","max-snippet":"max-snippet:-1","max-image-preview":"max-image-preview:large","max-video-preview":"max-video-preview:-1"},"canonical":"https:\/\/bxcadvisors.com\/en\/nosotros\/","og_locale":"en_GB","og_type":"article","og_title":"Nosotros - BXC Advisors","og_description":"Enfoque Profesional y Misi\u00f3n, Visi\u00f3n y Objetivos Estrat\u00e9gicos Misi\u00f3n BXC ADVISORS: Conectando Tus Sue\u00f1os con la Realidad En BXC ADVISORS, como gestores y abogados, forjamos una alianza \u00fanica de sinergias y soluciones integrales en gesti\u00f3n de extranjer\u00eda, fiscal, laboral, civil y patrimonial. M\u00e1s all\u00e1 de ofrecer servicios, somos facilitadores que vinculan tus sue\u00f1os con la [&hellip;]","og_url":"https:\/\/bxcadvisors.com\/en\/nosotros\/","og_site_name":"BXC Advisors","article_modified_time":"2025-03-05T17:02:13+00:00","og_image":[{"width":512,"height":512,"url":"https:\/\/bxcadvisors.com\/wp-content\/uploads\/2024\/05\/cropped-Favicon.png","type":"image\/png"}],"schema":{"@context":"https:\/\/schema.org","@graph":[{"@type":"WebPage","@id":"https:\/\/bxcadvisors.com\/nosotros\/","url":"https:\/\/bxcadvisors.com\/nosotros\/","name":"Nosotros - BXC Advisors","isPartOf":{"@id":"https:\/\/bxcadvisors.com\/#website"},"datePublished":"2024-01-22T19:35:51+00:00","dateModified":"2025-03-05T17:02:13+00:00","breadcrumb":{"@id":"https:\/\/bxcadvisors.com\/nosotros\/#breadcrumb"},"inLanguage":"en-GB","potentialAction":[{"@type":"ReadAction","target":["https:\/\/bxcadvisors.com\/nosotros\/"]}]},{"@type":"BreadcrumbList","@id":"https:\/\/bxcadvisors.com\/nosotros\/#breadcrumb","itemListElement":[{"@type":"ListItem","position":1,"name":"Portada","item":"https:\/\/bxcadvisors.com\/"},{"@type":"ListItem","position":2,"name":"Nosotros"}]},{"@type":"WebSite","@id":"https:\/\/bxcadvisors.com\/#website","url":"https:\/\/bxcadvisors.com\/","name":"BxC Advisors","description":"Global advice. Foreigners experts. Resolution of administrative immigration situations.","publisher":{"@id":"https:\/\/bxcadvisors.com\/#organization"},"potentialAction":[{"@type":"SearchAction","target":{"@type":"EntryPoint","urlTemplate":"https:\/\/bxcadvisors.com\/?s={search_term_string}"},"query-input":{"@type":"PropertyValueSpecification","valueRequired":true,"valueName":"search_term_string"}}],"inLanguage":"en-GB"},{"@type":"Organization","@id":"https:\/\/bxcadvisors.com\/#organization","name":"BxC Advisors","url":"https:\/\/bxcadvisors.com\/","logo":{"@type":"ImageObject","inLanguage":"en-GB","@id":"https:\/\/bxcadvisors.com\/#\/schema\/logo\/image\/","url":"https:\/\/bxcadvisors.com\/wp-content\/uploads\/2024\/03\/BxC-logo-202403.png","contentUrl":"https:\/\/bxcadvisors.com\/wp-content\/uploads\/2024\/03\/BxC-logo-202403.png","width":1123,"height":794,"caption":"BxC Advisors"},"image":{"@id":"https:\/\/bxcadvisors.com\/#\/schema\/logo\/image\/"},"sameAs":["https:\/\/www.instagram.com\/bxcadvisors","https:\/\/www.tiktok.com\/@bxc_advisors","https:\/\/www.youtube.com\/@BxCAdvisors"]}]}},"_links":{"self":[{"href":"https:\/\/bxcadvisors.com\/en\/wp-json\/wp\/v2\/pages\/831","targetHints":{"allow":["GET"]}}],"collection":[{"href":"https:\/\/bxcadvisors.com\/en\/wp-json\/wp\/v2\/pages"}],"about":[{"href":"https:\/\/bxcadvisors.com\/en\/wp-json\/wp\/v2\/types\/page"}],"author":[{"embeddable":true,"href":"https:\/\/bxcadvisors.com\/en\/wp-json\/wp\/v2\/users\/1"}],"replies":[{"embeddable":true,"href":"https:\/\/bxcadvisors.com\/en\/wp-json\/wp\/v2\/comments?post=831"}],"version-history":[{"count":52,"href":"https:\/\/bxcadvisors.com\/en\/wp-json\/wp\/v2\/pages\/831\/revisions"}],"predecessor-version":[{"id":2740,"href":"https:\/\/bxcadvisors.com\/en\/wp-json\/wp\/v2\/pages\/831\/revisions\/2740"}],"wp:attachment":[{"href":"https:\/\/bxcadvisors.com\/en\/wp-json\/wp\/v2\/media?parent=831"}],"curies":[{"name":"wp","href":"https:\/\/api.w.org\/{rel}","templated":true}]}}