{"id":703,"date":"2023-12-05T12:12:12","date_gmt":"2023-12-05T12:12:12","guid":{"rendered":"https:\/\/bxcadvisors.com\/?page_id=703"},"modified":"2024-01-22T17:43:12","modified_gmt":"2024-01-22T17:43:12","slug":"politica-de-cookies","status":"publish","type":"page","link":"https:\/\/bxcadvisors.com\/en\/politica-de-cookies\/","title":{"rendered":"Cookies policy"},"content":{"rendered":"<div data-elementor-type=\"wp-page\" data-elementor-id=\"703\" class=\"elementor elementor-703\" data-elementor-post-type=\"page\">\n\t\t\t\t<div class=\"elementor-element elementor-element-e4655ff e-flex e-con-boxed e-con e-parent\" data-id=\"e4655ff\" data-element_type=\"container\" data-e-type=\"container\">\n\t\t\t\t\t<div class=\"e-con-inner\">\n\t\t\t\t<div class=\"elementor-element elementor-element-bb975d4 elementor-widget elementor-widget-heading\" data-id=\"bb975d4\" data-element_type=\"widget\" data-e-type=\"widget\" data-widget_type=\"heading.default\">\n\t\t\t\t<div class=\"elementor-widget-container\">\n\t\t\t\t\t<h2 class=\"elementor-heading-title elementor-size-default\">Cookies and local storage policy<\/h2>\t\t\t\t<\/div>\n\t\t\t\t<\/div>\n\t\t\t\t<div class=\"elementor-element elementor-element-bb9f58c elementor-widget elementor-widget-text-editor\" data-id=\"bb9f58c\" data-element_type=\"widget\" data-e-type=\"widget\" data-widget_type=\"text-editor.default\">\n\t\t\t\t<div class=\"elementor-widget-container\">\n\t\t\t\t\t\t\t\t\t<p>Data controller: BXC ADVISORS, NIF: 47715270E, with registered office at V\u00eda Augusta 74 entl.4, 08006 Barcelona. Telephone: +34 676 251 171. Email: info@bxcadvisors.com<\/p><p>The legitimacy for the use of cookies is as follows:<\/p><p>\u2013 Technical cookies, which allow the operation and provision of the services offered on the website: legal authorization in accordance with Art. 22 of Law 34\/2002 (LSSI).<\/p><p>\u2013 Any other type of cookies: consent of the interested party (Art. 6.1. a) of Regulation (EU) 2016\/679).<\/p><p>In this cookie policy, you will find the description and purpose of each of the cookies used, as well as their name, the sending server, their expiration date and, in some cases, the existence of international data transfer.<\/p><p><strong><u>Cookie Policy:<\/u><\/strong><\/p><p>Pursuant to Law 34\/2002, of 11 July, on Information Society Services and Electronic Commerce, we inform you that this website uses Cookies to improve and optimise the user experience. Below you will find detailed information on what \u201cCookies\u201d are, what type of cookies this website uses, how to change your cookie settings, and what happens if you disable them.<\/p><p><strong>What are cookies?<\/strong><\/p><p>A cookie is a file that is downloaded to your computer when you access certain web pages. Cookies allow a website, among other things, to store and retrieve information about the browsing habits of a user or their equipment and, depending on the information they contain and the way in which they use their equipment, they can be used to recognise the user.<\/p><p><strong>What types of cookies does this website use?<\/strong><\/p><ul><li><strong>Analysis cookies:<\/strong> These are cookies that, whether processed by us or by third parties, allow us to quantify the number of users and thus carry out statistical measurements and analyses of the use made by users of the service offered. To do this, we analyse your browsing on our website in order to improve the range of products or services we offer you.<\/li><li><strong>Advertising cookies:<\/strong> These cookies, whether processed by us or by third parties, allow us to manage the advertising space on the website in the most efficient way possible, adapting the content of the advertisement to the content of the requested service or to the use you make of our website. To do this, we can analyse your Internet browsing habits and show you advertising related to your browsing profile.<\/li><li><strong>Third Party Cookies: <\/strong>Provided by third parties.<\/li><\/ul><table style=\"height: 747px;\" width=\"1066\"><tbody><tr><td width=\"99\"><p>Complement<\/p><\/td><td width=\"99\"><p>Main cookies used<\/p><\/td><td width=\"208\"><p>Purpose of the plugin<\/p><\/td><td width=\"89\"><p>Provider Privacy Policy<\/p><\/td><td width=\"136\">\u00a0<\/td><\/tr><tr><td width=\"99\"><p>Google Analytics<\/p><\/td><td width=\"99\"><p>__utma, __utmb, __utmc, __utmz, etc<\/p><\/td><td width=\"208\"><p>Google Analytics sends to Google IP address and anonymous information about the use of the page, with the aim of providing us with information on how users interact with the web.<\/p><\/td><td width=\"89\"><p><a href=\"http:\/\/www.google.es\/intl\/es\/analytics\/privacyoverview\/\">www.google.es\/intl\/es\/analytics\/privacyoverview\/<\/a><\/p><\/td><td width=\"136\">\u00a0<\/td><\/tr><tr><td width=\"99\"><p>YouTube<\/p><\/td><td width=\"99\"><p>pref, recently_watched_video_id_list, __gads, etc<\/p><\/td><td width=\"208\"><p>We use YouTube to offer you videos on our website. Google uses cookies to remember your settings and to record your interests for marketing purposes.<\/p><\/td><td width=\"89\"><p><a href=\"http:\/\/www.google.es\/intl\/es\/policies\/privacy\/\">http:\/\/www.google.es\/intl\/es\/policies\/privacy\/<\/a> and <a href=\"http:\/\/www.google.es\/intl\/es\/policies\/technologies\/types\/\">http:\/\/www.google.es\/intl\/es\/policies\/technologies\/types\/<\/a><\/p><\/td><td width=\"136\">\u00a0<\/td><\/tr><tr><td width=\"99\"><p>Google Maps<\/p><\/td><td width=\"99\"><p>nid, pref y khcookie, etc<\/p><\/td><td width=\"208\"><p>Google Maps allows us to include maps on our website with the location of our establishments.<\/p><\/td><td width=\"89\"><p><a href=\"http:\/\/www.google.com\/intl\/es_es\/help\/terms_maps\/\">http:\/\/www.google.com\/intl\/es_es\/help\/terms_maps\/<\/a> \/ and <a href=\"http:\/\/www.google.es\/intl\/es\/policies\/technologies\/types\/\">http:\/\/www.google.es\/intl\/es\/policies\/technologies\/types\/<\/a><\/p><\/td><td width=\"136\">\u00a0<\/td><\/tr><tr><td width=\"99\"><p>Google Recaptcha<\/p><\/td><td width=\"99\"><p>Temporary and persistent cookies, browser local storage<\/p><\/td><td width=\"208\"><p>Google Recaptcha is a security feature, provided by Google, necessary to prevent form submissions by bots<\/p><\/td><td width=\"89\"><p><a href=\"https:\/\/policies.google.com\/privacy?hl=es\">https:\/\/policies.google.com\/privacy?hl=es<\/a><\/p><\/td><td width=\"136\">\u00a0<\/td><\/tr><\/tbody><\/table><p>\u00a0<\/p><p><strong>What happens if Cookies are disabled?<\/strong><\/p><p>Some features of the Services and areas of this website may not function properly if cookies are disabled.<\/p><p><strong>Should we update our Cookie Policy?<\/strong><\/p><p>We may update the Cookies Policy of our website, so we recommend that you review this policy each time you access our website in order to be properly informed about how and why we use cookies.<\/p><p><strong>How can you configure your Cookies?<\/strong><\/p><p>By browsing and continuing on our website you are consenting to the use of Cookies under the conditions contained in this Cookies Policy. You as a user have the possibility to exercise your right to block, delete and reject the use of Cookies, at any time, by modifying the options of your browser. For example:<\/p><ul><li><strong>Microsoft Edge<\/strong>: Settings &gt; Advanced Settings &gt; Cookies.<\/li><\/ul><p>Check the <a href=\"http:\/\/windows.microsoft.com\/es-ES\/windows\/support\">Microsoft support<\/a> or the browser Help.<\/p><ul><li><strong>Mozilla Firefox<\/strong>: Tools &gt; Options &gt; Privacy &gt; History &gt; Custom Settings.<\/li><\/ul><p>Check the <a href=\"http:\/\/support.mozilla.org\/es\/home\">Mozilla support<\/a> or the browser Help.<\/p><ul><li><strong>Google Chrome<\/strong>: Settings &gt; Show advanced settings &gt; Privacy &gt; Content settings.<\/li><\/ul><p>Check the <a href=\"http:\/\/support.google.com\/chrome\/?hl=es\">Google support<\/a> or the browser Help.<\/p><ul><li><strong>Safari (Apple)<\/strong>: Preferences &gt; Security.<\/li><\/ul><p>Check the <a href=\"http:\/\/www.apple.com\/es\/support\/safari\/\">Apple support<\/a> or the browser Help.<\/p><ul><li><strong>Opera (Opera Software): <\/strong>Settings &gt; Options &gt; Advanced &gt; Cookies<\/li><\/ul><p>Check the <a href=\"http:\/\/help.opera.com\/Windows\/11.50\/es-ES\/cookies\/\">Opera support<\/a> or the browser Help.<\/p><p>If you use another browser, please consult its policy on installing, using and blocking cookies. However, using the tool <a href=\"http:\/\/www.youronlinechoices.com\/\">www.youronlinechoices.com<\/a>, you can find useful information and configure, provider by provider, your preferences regarding cookies.<\/p><p><strong>Are there only cookies?<\/strong><\/p><p>There may be websites that use other forms of storage similar to cookies but with greater capacity, such as other forms of local data storage on the client's computer, for example:<\/p><ul><li>HTML5 LocalStorage and SessionStorage: Space that the website can use on the user's computer. Normally, deleting the browsing history can delete them.<\/li><li>Flash \u201cLocal Shared Objects\u201d (Silverlight\u2019s \u201cisolated storage\u201d): These are stored inside the Microsoft folder where you have your user profile. You have to go into the folder and delete it. (Example: Vimeo videos).<br \/>Flash is used to incorporate multimedia elements into a website, and to do so it stores files on the user's computer.<\/li><li>A web beacon is used to track your activity by inserting a mini-image that you don't even notice. When you browse the web, it is loaded along with the page, and the server from which the photo is downloaded records the time of access, or the number of times you have accessed it.<\/li><\/ul><p>These files are more intrusive than cookies, as they are harder to delete, they store more information, and they are independent of the browser used. We do not use this type of storage.<\/p><p>This website uses cookies. We use cookies to personalise content and ads, to provide social media features and to analyse our traffic. We also share information about your use of our site with our social media, advertising and analytics partners who may combine it with other information that you\u2019ve provided to them or that they\u2019ve collected from your use of their services. For more information, click here. <a href=\"https:\/\/crcsl.es\/politica-de-cookies\/\">here<\/a>.<\/p><p>Cookies are small text files that can be used by websites to make a user's experience more efficient.<br \/><br \/>The law states that we can store cookies on your device if they are strictly necessary for the operation of this site. For all other types of cookies we need your permission.<br \/><br \/>This site uses different types of cookies. Some cookies are placed by third party services that appear on our pages.<br \/><br \/>You can change or withdraw your consent at any time from the Cookie Declaration on our website.<br \/><br \/>Learn more about who we are, how you can contact us and how we process personal data in our Privacy Policy.<br \/><br \/>When contacting us regarding your consent, please provide your consent ID and date.<\/p><p>Your consent applies to the following domains: www.crcsl.es<\/p><p><strong>Necessary (4)<\/strong><\/p><p>Necessary cookies help make a website usable by enabling basic functions like page navigation and access to secure areas of the website. The website cannot function properly without these cookies.<\/p><table width=\"1423\"><thead><tr><td><p><strong>Name<\/strong><\/p><\/td><td><p><strong>Provider<\/strong><\/p><\/td><td><p><strong>Purpose<\/strong><\/p><\/td><td><p><strong>Expiration<\/strong><\/p><\/td><td><p><strong>Type<\/strong><\/p><\/td><\/tr><\/thead><tbody><tr><td><p>elementor<\/p><\/td><td><p>WordPress<\/p><\/td><td><p>This cookie is set by the website's WordPress theme. It allows the website owner to deploy or change website content in real time.<\/p><\/td><td><p>\u00a0<\/p><\/td><td><p>HTTP Cookie<\/p><\/td><\/tr><tr><td><p>cookieyes-consent<\/p><\/td><td><p>CookieYes<\/p><\/td><td><p>CookieYes sets this cookie to remember users' consent preferences so that their preferences are respected on subsequent visits to this site. It does not collect or store any personal information about site visitors.<\/p><\/td><td><p>1 year<\/p><\/td><td><p>HTTP Cookie<\/p><\/td><\/tr><tr><td><p>__cf_bm<\/p><\/td><td><p>.calendly.com<\/p><\/td><td><p>Cloudflare sets the cookie to support Cloudflare Bot Management.<\/p><\/td><td><p>1 hour<\/p><\/td><td><p>HTTP Cookie<\/p><\/td><\/tr><tr><td><p>__cfruid<\/p><\/td><td><p>.calendly.com<\/p><\/td><td><p>Cloudflare uses this cookie to identify trusted web traffic.<\/p><\/td><td><p>session<\/p><\/td><td><p>HTTP Cookie<\/p><\/td><\/tr><\/tbody><\/table><p>\u00a0<\/p><p><strong>Statistics (2)<\/strong><\/p><p>Statistical cookies help website owners understand how visitors interact with websites by collecting and reporting information anonymously.<\/p><table width=\"822\"><thead><tr><td><p><strong>Name<\/strong><\/p><\/td><td><p><strong>Provider<\/strong><\/p><\/td><td><p><strong>Purpose<\/strong><\/p><\/td><td><p><strong>Expiration<\/strong><\/p><\/td><td><p><strong>Type<\/strong><\/p><\/td><\/tr><\/thead><tbody><tr><td><p>_ga<\/p><\/td><td><p><a href=\"https:\/\/policies.google.com\/privacy\">Google<\/a><\/p><\/td><td><p>This cookie is set by Google Analytics to calculate visitor, session and campaign data and to track site usage for the site analytics report. The cookie stores information anonymously and assigns a randomly generated number to recognize unique visitors.<\/p><\/td><td><p>1 year 1 month 4 days<\/p><\/td><td><p>HTTP Cookie<\/p><\/td><\/tr><tr><td><p>_ga_*<\/p><\/td><td><p><a href=\"https:\/\/policies.google.com\/privacy\">Google<\/a><\/p><\/td><td><p>Google Analytics sets this cookie to store and count page views.<\/p><\/td><td><p>1 year 1 month 4 days<\/p><\/td><td><p>HTTP Cookie<\/p><\/td><\/tr><\/tbody><\/table><p>\u00a0<\/p><p><strong>Functional (1)<\/strong><\/p><p>Functional cookies help perform certain functionalities such as sharing website content on social media platforms, collecting comments and other third-party features.<\/p><table width=\"864\"><thead><tr><td><p><strong>Name<\/strong><\/p><\/td><td><p><strong>Provider<\/strong><\/p><\/td><td><p><strong>Purpose<\/strong><\/p><\/td><td><p><strong>Expiration<\/strong><\/p><\/td><td><p><strong>Type<\/strong><\/p><\/td><\/tr><\/thead><tbody><tr><td><p>referrer_user_id<\/p><\/td><td><p>.calendly.com<\/p><\/td><td><p>Calendly sets this cookie for the booking functionality of the website.<\/p><\/td><td width=\"85\"><p>14 days<\/p><\/td><td width=\"144\">\u00a0<\/td><\/tr><\/tbody><\/table><p><strong>\u00a0<\/strong><\/p><p><strong>Performance (1)<\/strong><\/p><p>Performance cookies are used to understand and analyze key performance indices of the website, helping to provide a better user experience for visitors.<\/p><table width=\"981\"><thead><tr><td><p><strong>Name<\/strong><\/p><\/td><td><p><strong>Provider<\/strong><\/p><\/td><td><p><strong>Purpose<\/strong><\/p><\/td><td><p><strong>Expiration<\/strong><\/p><\/td><td><p><strong>Type<\/strong><\/p><\/td><\/tr><\/thead><tbody><tr><td><p>_calendly_session<\/p><\/td><td><p>.calendly.com<\/p><\/td><td><p>Calendly, a Meeting Schedulers, sets this cookie to allow the meeting scheduler to function within the website and to add events into the visitor's calendar.<\/p><\/td><td><p>21 days<\/p><\/td><td><p>HTTP Cookie<\/p><\/td><\/tr><\/tbody><\/table><p><strong>Tratamiento de datos personales:<\/strong><\/p><p>Data controller: BXC ADVISORS, NIF: 47715270E, with registered office at Carrer Jesus n\u00ba 10 1\u00ba1\u00ba, 08015 Barcelona. Telephone: +34 676 251 171. Email: info@bxcadvisors.com<\/p><p>The legitimacy for the use of cookies is as follows:<\/p><p>\u2013 Technical cookies, which allow the operation and provision of the services offered on the website: legal authorization in accordance with Art. 22 of Law 34\/2002 (LSSI).<\/p><p>\u2013 Any other type of cookies: consent of the interested party (Art. 6.1. a) of Regulation (EU) 2016\/679).<\/p><p>Purposes of processing: as specified in the section on cookies used on this website.<\/p><p>Data retention: The personal data provided will be retained for the time necessary to fulfill the purpose for which it is collected and to determine any potential liabilities that may arise from the purpose.<\/p><p>Data communication: data will not be communicated to third parties, except in cookies owned by third parties or by legal obligation.<\/p><p>Rights of interested parties: To request access, rectification, deletion or limitation of the processing of personal data or to object to the processing, in the event that the requirements established in the General Data Protection Regulation are met, as well as in Organic Law 3\/2018, of December 5, on the Protection of Personal Data and guarantee of digital rights, you can send a letter to the data controller, BXC ADVISORS, by sending it to Carrer Jesus n\u00ba 10 1\u00ba1\u00ba, 08015 Barcelona. Telephone: +34 676 251 171. Email: info@bxcadvisors.com.<\/p><p>You have the right to file a complaint with the Spanish Data Protection Agency if you consider that the exercise of your rights has not been adequately addressed.<\/p><p>\u00a0<\/p>\t\t\t\t\t\t\t\t<\/div>\n\t\t\t\t<\/div>\n\t\t\t\t\t<\/div>\n\t\t\t\t<\/div>\n\t\t\t\t<\/div>","protected":false},"excerpt":{"rendered":"<p>Pol\u00edtica de cookies y almacenamiento local Responsable del tratamiento: BXC ADVISORS, NIF: 47715270E, con domicilio social en V\u00eda Augusta 74 entl.4, 08006 Barcelona. Tel\u00e9fono: +34 676 251 171. Correo electr\u00f3nico: info@bxcadvisors.com La legitimaci\u00f3n para el uso de las cookies es la siguiente: \u2013 Cookies t\u00e9cnicas, que permiten el funcionamiento y la prestaci\u00f3n de los servicios [&hellip;]<\/p>\n","protected":false},"author":1,"featured_media":0,"parent":0,"menu_order":0,"comment_status":"closed","ping_status":"closed","template":"","meta":{"footnotes":""},"class_list":["post-703","page","type-page","status-publish","hentry"],"yoast_head":"<!-- This site is optimized with the Yoast SEO plugin v27.6 - https:\/\/yoast.com\/product\/yoast-seo-wordpress\/ -->\n<title>Pol\u00edtica de cookies - BXC Advisors<\/title>\n<meta name=\"robots\" content=\"index, follow, max-snippet:-1, max-image-preview:large, max-video-preview:-1\" \/>\n<link rel=\"canonical\" href=\"https:\/\/bxcadvisors.com\/en\/politica-de-cookies\/\" \/>\n<meta property=\"og:locale\" content=\"en_GB\" \/>\n<meta property=\"og:type\" content=\"article\" \/>\n<meta property=\"og:title\" content=\"Pol\u00edtica de cookies - BXC Advisors\" \/>\n<meta property=\"og:description\" content=\"Pol\u00edtica de cookies y almacenamiento local Responsable del tratamiento: BXC ADVISORS, NIF: 47715270E, con domicilio social en V\u00eda Augusta 74 entl.4, 08006 Barcelona. Tel\u00e9fono: +34 676 251 171. Correo electr\u00f3nico: info@bxcadvisors.com La legitimaci\u00f3n para el uso de las cookies es la siguiente: \u2013 Cookies t\u00e9cnicas, que permiten el funcionamiento y la prestaci\u00f3n de los servicios [&hellip;]\" \/>\n<meta property=\"og:url\" content=\"https:\/\/bxcadvisors.com\/en\/politica-de-cookies\/\" \/>\n<meta property=\"og:site_name\" content=\"BXC Advisors\" \/>\n<meta property=\"article:modified_time\" content=\"2024-01-22T17:43:12+00:00\" \/>\n<meta property=\"og:image\" content=\"https:\/\/bxcadvisors.com\/wp-content\/uploads\/2024\/05\/cropped-Favicon.png\" \/>\n\t<meta property=\"og:image:width\" content=\"512\" \/>\n\t<meta property=\"og:image:height\" content=\"512\" \/>\n\t<meta property=\"og:image:type\" content=\"image\/png\" \/>\n<script type=\"application\/ld+json\" class=\"yoast-schema-graph\">{\"@context\":\"https:\\\/\\\/schema.org\",\"@graph\":[{\"@type\":\"WebPage\",\"@id\":\"https:\\\/\\\/bxcadvisors.com\\\/politica-de-cookies\\\/\",\"url\":\"https:\\\/\\\/bxcadvisors.com\\\/politica-de-cookies\\\/\",\"name\":\"Pol\u00edtica de cookies - BXC Advisors\",\"isPartOf\":{\"@id\":\"https:\\\/\\\/bxcadvisors.com\\\/#website\"},\"datePublished\":\"2023-12-05T12:12:12+00:00\",\"dateModified\":\"2024-01-22T17:43:12+00:00\",\"breadcrumb\":{\"@id\":\"https:\\\/\\\/bxcadvisors.com\\\/politica-de-cookies\\\/#breadcrumb\"},\"inLanguage\":\"en-GB\",\"potentialAction\":[{\"@type\":\"ReadAction\",\"target\":[\"https:\\\/\\\/bxcadvisors.com\\\/politica-de-cookies\\\/\"]}]},{\"@type\":\"BreadcrumbList\",\"@id\":\"https:\\\/\\\/bxcadvisors.com\\\/politica-de-cookies\\\/#breadcrumb\",\"itemListElement\":[{\"@type\":\"ListItem\",\"position\":1,\"name\":\"Portada\",\"item\":\"https:\\\/\\\/bxcadvisors.com\\\/\"},{\"@type\":\"ListItem\",\"position\":2,\"name\":\"Pol\u00edtica de cookies\"}]},{\"@type\":\"WebSite\",\"@id\":\"https:\\\/\\\/bxcadvisors.com\\\/#website\",\"url\":\"https:\\\/\\\/bxcadvisors.com\\\/\",\"name\":\"BxC Advisors\",\"description\":\"Asesor\u00eda global. Expertos en extranjer\u00eda. Resoluci\u00f3n de situaciones migratorias administrativas.\",\"publisher\":{\"@id\":\"https:\\\/\\\/bxcadvisors.com\\\/#organization\"},\"potentialAction\":[{\"@type\":\"SearchAction\",\"target\":{\"@type\":\"EntryPoint\",\"urlTemplate\":\"https:\\\/\\\/bxcadvisors.com\\\/?s={search_term_string}\"},\"query-input\":{\"@type\":\"PropertyValueSpecification\",\"valueRequired\":true,\"valueName\":\"search_term_string\"}}],\"inLanguage\":\"en-GB\"},{\"@type\":\"Organization\",\"@id\":\"https:\\\/\\\/bxcadvisors.com\\\/#organization\",\"name\":\"BxC Advisors\",\"url\":\"https:\\\/\\\/bxcadvisors.com\\\/\",\"logo\":{\"@type\":\"ImageObject\",\"inLanguage\":\"en-GB\",\"@id\":\"https:\\\/\\\/bxcadvisors.com\\\/#\\\/schema\\\/logo\\\/image\\\/\",\"url\":\"https:\\\/\\\/bxcadvisors.com\\\/wp-content\\\/uploads\\\/2024\\\/03\\\/BxC-logo-202403.png\",\"contentUrl\":\"https:\\\/\\\/bxcadvisors.com\\\/wp-content\\\/uploads\\\/2024\\\/03\\\/BxC-logo-202403.png\",\"width\":1123,\"height\":794,\"caption\":\"BxC Advisors\"},\"image\":{\"@id\":\"https:\\\/\\\/bxcadvisors.com\\\/#\\\/schema\\\/logo\\\/image\\\/\"},\"sameAs\":[\"https:\\\/\\\/www.instagram.com\\\/bxcadvisors\",\"https:\\\/\\\/www.tiktok.com\\\/@bxc_advisors\",\"https:\\\/\\\/www.youtube.com\\\/@BxCAdvisors\"]}]}<\/script>\n<!-- \/ Yoast SEO plugin. -->","yoast_head_json":{"title":"Pol\u00edtica de cookies - BXC Advisors","robots":{"index":"index","follow":"follow","max-snippet":"max-snippet:-1","max-image-preview":"max-image-preview:large","max-video-preview":"max-video-preview:-1"},"canonical":"https:\/\/bxcadvisors.com\/en\/politica-de-cookies\/","og_locale":"en_GB","og_type":"article","og_title":"Pol\u00edtica de cookies - BXC Advisors","og_description":"Pol\u00edtica de cookies y almacenamiento local Responsable del tratamiento: BXC ADVISORS, NIF: 47715270E, con domicilio social en V\u00eda Augusta 74 entl.4, 08006 Barcelona. Tel\u00e9fono: +34 676 251 171. Correo electr\u00f3nico: info@bxcadvisors.com La legitimaci\u00f3n para el uso de las cookies es la siguiente: \u2013 Cookies t\u00e9cnicas, que permiten el funcionamiento y la prestaci\u00f3n de los servicios [&hellip;]","og_url":"https:\/\/bxcadvisors.com\/en\/politica-de-cookies\/","og_site_name":"BXC Advisors","article_modified_time":"2024-01-22T17:43:12+00:00","og_image":[{"width":512,"height":512,"url":"https:\/\/bxcadvisors.com\/wp-content\/uploads\/2024\/05\/cropped-Favicon.png","type":"image\/png"}],"schema":{"@context":"https:\/\/schema.org","@graph":[{"@type":"WebPage","@id":"https:\/\/bxcadvisors.com\/politica-de-cookies\/","url":"https:\/\/bxcadvisors.com\/politica-de-cookies\/","name":"Pol\u00edtica de cookies - BXC Advisors","isPartOf":{"@id":"https:\/\/bxcadvisors.com\/#website"},"datePublished":"2023-12-05T12:12:12+00:00","dateModified":"2024-01-22T17:43:12+00:00","breadcrumb":{"@id":"https:\/\/bxcadvisors.com\/politica-de-cookies\/#breadcrumb"},"inLanguage":"en-GB","potentialAction":[{"@type":"ReadAction","target":["https:\/\/bxcadvisors.com\/politica-de-cookies\/"]}]},{"@type":"BreadcrumbList","@id":"https:\/\/bxcadvisors.com\/politica-de-cookies\/#breadcrumb","itemListElement":[{"@type":"ListItem","position":1,"name":"Portada","item":"https:\/\/bxcadvisors.com\/"},{"@type":"ListItem","position":2,"name":"Pol\u00edtica de cookies"}]},{"@type":"WebSite","@id":"https:\/\/bxcadvisors.com\/#website","url":"https:\/\/bxcadvisors.com\/","name":"BxC Advisors","description":"Global advice. Foreigners experts. Resolution of administrative immigration situations.","publisher":{"@id":"https:\/\/bxcadvisors.com\/#organization"},"potentialAction":[{"@type":"SearchAction","target":{"@type":"EntryPoint","urlTemplate":"https:\/\/bxcadvisors.com\/?s={search_term_string}"},"query-input":{"@type":"PropertyValueSpecification","valueRequired":true,"valueName":"search_term_string"}}],"inLanguage":"en-GB"},{"@type":"Organization","@id":"https:\/\/bxcadvisors.com\/#organization","name":"BxC Advisors","url":"https:\/\/bxcadvisors.com\/","logo":{"@type":"ImageObject","inLanguage":"en-GB","@id":"https:\/\/bxcadvisors.com\/#\/schema\/logo\/image\/","url":"https:\/\/bxcadvisors.com\/wp-content\/uploads\/2024\/03\/BxC-logo-202403.png","contentUrl":"https:\/\/bxcadvisors.com\/wp-content\/uploads\/2024\/03\/BxC-logo-202403.png","width":1123,"height":794,"caption":"BxC Advisors"},"image":{"@id":"https:\/\/bxcadvisors.com\/#\/schema\/logo\/image\/"},"sameAs":["https:\/\/www.instagram.com\/bxcadvisors","https:\/\/www.tiktok.com\/@bxc_advisors","https:\/\/www.youtube.com\/@BxCAdvisors"]}]}},"_links":{"self":[{"href":"https:\/\/bxcadvisors.com\/en\/wp-json\/wp\/v2\/pages\/703","targetHints":{"allow":["GET"]}}],"collection":[{"href":"https:\/\/bxcadvisors.com\/en\/wp-json\/wp\/v2\/pages"}],"about":[{"href":"https:\/\/bxcadvisors.com\/en\/wp-json\/wp\/v2\/types\/page"}],"author":[{"embeddable":true,"href":"https:\/\/bxcadvisors.com\/en\/wp-json\/wp\/v2\/users\/1"}],"replies":[{"embeddable":true,"href":"https:\/\/bxcadvisors.com\/en\/wp-json\/wp\/v2\/comments?post=703"}],"version-history":[{"count":10,"href":"https:\/\/bxcadvisors.com\/en\/wp-json\/wp\/v2\/pages\/703\/revisions"}],"predecessor-version":[{"id":815,"href":"https:\/\/bxcadvisors.com\/en\/wp-json\/wp\/v2\/pages\/703\/revisions\/815"}],"wp:attachment":[{"href":"https:\/\/bxcadvisors.com\/en\/wp-json\/wp\/v2\/media?parent=703"}],"curies":[{"name":"wp","href":"https:\/\/api.w.org\/{rel}","templated":true}]}}