{"id":41,"date":"2023-08-19T14:59:12","date_gmt":"2023-08-19T14:59:12","guid":{"rendered":"https:\/\/bxcadvisors.eurovia.net\/?page_id=41"},"modified":"2024-11-04T18:55:37","modified_gmt":"2024-11-04T17:55:37","slug":"asesoria-gestoria-laboral-en-barcelona","status":"publish","type":"page","link":"https:\/\/bxcadvisors.com\/en\/asesoria-gestoria-laboral-en-barcelona\/","title":{"rendered":"Labour management and consultancy in Barcelona"},"content":{"rendered":"<div data-elementor-type=\"wp-page\" data-elementor-id=\"41\" class=\"elementor elementor-41\" data-elementor-post-type=\"page\">\n\t\t\t\t<div class=\"elementor-element elementor-element-6cc7336 e-flex e-con-boxed e-con e-parent\" data-id=\"6cc7336\" data-element_type=\"container\" data-e-type=\"container\" data-settings=\"{&quot;background_background&quot;:&quot;classic&quot;}\">\n\t\t\t\t\t<div class=\"e-con-inner\">\n\t\t\t\t<div class=\"elementor-element elementor-element-fc9d757 elementor-widget elementor-widget-heading\" data-id=\"fc9d757\" data-element_type=\"widget\" data-e-type=\"widget\" data-widget_type=\"heading.default\">\n\t\t\t\t<div class=\"elementor-widget-container\">\n\t\t\t\t\t<h1 class=\"elementor-heading-title elementor-size-default\">Labor Consulting in Barcelona<\/h1>\t\t\t\t<\/div>\n\t\t\t\t<\/div>\n\t\t\t\t\t<\/div>\n\t\t\t\t<\/div>\n\t\t\t\t<section class=\"elementor-section elementor-top-section elementor-element elementor-element-13fbc7b7 elementor-section-boxed elementor-section-height-default elementor-section-height-default\" data-id=\"13fbc7b7\" data-element_type=\"section\" data-e-type=\"section\" data-settings=\"{&quot;background_background&quot;:&quot;classic&quot;}\">\n\t\t\t\t\t\t\t<div class=\"elementor-background-overlay\"><\/div>\n\t\t\t\t\t\t\t<div class=\"elementor-container elementor-column-gap-default\">\n\t\t\t\t\t<div class=\"elementor-column elementor-col-50 elementor-top-column elementor-element elementor-element-fbab121\" data-id=\"fbab121\" data-element_type=\"column\" data-e-type=\"column\" data-settings=\"{&quot;background_background&quot;:&quot;classic&quot;}\">\n\t\t\t<div class=\"elementor-widget-wrap elementor-element-populated\">\n\t\t\t\t\t\t<div class=\"elementor-element elementor-element-a487eeb elementor-view-default elementor-widget elementor-widget-icon\" data-id=\"a487eeb\" data-element_type=\"widget\" data-e-type=\"widget\" data-widget_type=\"icon.default\">\n\t\t\t\t<div class=\"elementor-widget-container\">\n\t\t\t\t\t\t\t<div class=\"elementor-icon-wrapper\">\n\t\t\t<div class=\"elementor-icon\">\n\t\t\t<svg aria-hidden=\"true\" class=\"e-font-icon-svg e-fas-briefcase\" viewbox=\"0 0 512 512\" xmlns=\"http:\/\/www.w3.org\/2000\/svg\"><path d=\"M320 336c0 8.84-7.16 16-16 16h-96c-8.84 0-16-7.16-16-16v-48H0v144c0 25.6 22.4 48 48 48h416c25.6 0 48-22.4 48-48V288H320v48zm144-208h-80V80c0-25.6-22.4-48-48-48H176c-25.6 0-48 22.4-48 48v48H48c-25.6 0-48 22.4-48 48v80h512v-80c0-25.6-22.4-48-48-48zm-144 0H192V96h128v32z\"><\/path><\/svg>\t\t\t<\/div>\n\t\t<\/div>\n\t\t\t\t\t\t<\/div>\n\t\t\t\t<\/div>\n\t\t\t\t\t<\/div>\n\t\t<\/div>\n\t\t\t\t<div class=\"elementor-column elementor-col-50 elementor-top-column elementor-element elementor-element-6c572d18\" data-id=\"6c572d18\" data-element_type=\"column\" data-e-type=\"column\">\n\t\t\t<div class=\"elementor-widget-wrap elementor-element-populated\">\n\t\t\t\t\t\t<div class=\"elementor-element elementor-element-48cfbac elementor-widget elementor-widget-text-editor\" data-id=\"48cfbac\" data-element_type=\"widget\" data-e-type=\"widget\" data-widget_type=\"text-editor.default\">\n\t\t\t\t<div class=\"elementor-widget-container\">\n\t\t\t\t\t\t\t\t\t<p>We process everything necessary to guarantee efficient management in compliance with current regulations, both <strong>self-employed workers<\/strong> as well as salary and contribution administration for companies, we prepare detailed reports on paid remuneration items.<\/p><p>We facilitate the preparation of monthly and quarterly reports for declarations and provide advice on queries related to the company's labor management and everything necessary for optimal management of labor resources.<\/p>\t\t\t\t\t\t\t\t<\/div>\n\t\t\t\t<\/div>\n\t\t\t\t\t<\/div>\n\t\t<\/div>\n\t\t\t\t\t<\/div>\n\t\t<\/section>\n\t\t\t\t<section class=\"elementor-section elementor-top-section elementor-element elementor-element-9ad3f3c elementor-section-boxed elementor-section-height-default elementor-section-height-default\" data-id=\"9ad3f3c\" data-element_type=\"section\" data-e-type=\"section\">\n\t\t\t\t\t\t\t<div class=\"elementor-background-overlay\"><\/div>\n\t\t\t\t\t\t\t<div class=\"elementor-container elementor-column-gap-custom\">\n\t\t\t\t\t<div class=\"elementor-column elementor-col-50 elementor-top-column elementor-element elementor-element-da037ae\" data-id=\"da037ae\" data-element_type=\"column\" data-e-type=\"column\">\n\t\t\t<div class=\"elementor-widget-wrap elementor-element-populated\">\n\t\t\t\t\t\t<div class=\"elementor-element elementor-element-1f5321d elementor-widget elementor-widget-heading\" data-id=\"1f5321d\" data-element_type=\"widget\" data-e-type=\"widget\" data-widget_type=\"heading.default\">\n\t\t\t\t<div class=\"elementor-widget-container\">\n\t\t\t\t\t<h2 class=\"elementor-heading-title elementor-size-default\">Labor Consulting and Management in Barcelona<\/h2>\t\t\t\t<\/div>\n\t\t\t\t<\/div>\n\t\t\t\t<div class=\"elementor-element elementor-element-12d9925 elementor-widget__width-initial elementor-widget elementor-widget-text-editor\" data-id=\"12d9925\" data-element_type=\"widget\" data-e-type=\"widget\" data-widget_type=\"text-editor.default\">\n\t\t\t\t<div class=\"elementor-widget-container\">\n\t\t\t\t\t\t\t\t\t<p>The labor area is another of the constant concerns for both companies and self-employed workers. Our legal advice masters labor law.<\/p><p>In our <strong>labour agency Barcelona<\/strong>, we help you manage everything related to hiring, payroll and legal obligations towards employees.<\/p><p>In <strong>BXC Advisors <\/strong>we offer <strong>legal advice on labor disputes<\/strong>. We have lawyers specialized in labor law who assist companies and workers in cases of dismissals, claims, sanctions and collective bargaining.<\/p><p>Our goal is to offer customized solutions, minimizing risks and seeking favorable results. If necessary, we also represent our clients in court, ensuring a professional defense. With our <strong>labour advisory service in Barcelona<\/strong>, you have the support of a team committed to protecting your rights and ensuring compliance with labor standards.<\/p>\t\t\t\t\t\t\t\t<\/div>\n\t\t\t\t<\/div>\n\t\t\t\t\t<\/div>\n\t\t<\/div>\n\t\t\t\t<div class=\"elementor-column elementor-col-50 elementor-top-column elementor-element elementor-element-61efd99\" data-id=\"61efd99\" data-element_type=\"column\" data-e-type=\"column\">\n\t\t\t<div class=\"elementor-widget-wrap elementor-element-populated\">\n\t\t\t\t\t\t<div class=\"elementor-element elementor-element-6173fe4 elementor-widget elementor-widget-heading\" data-id=\"6173fe4\" data-element_type=\"widget\" data-e-type=\"widget\" data-widget_type=\"heading.default\">\n\t\t\t\t<div class=\"elementor-widget-container\">\n\t\t\t\t\t<h2 class=\"elementor-heading-title elementor-size-default\">Immigration Employment Agency in Barcelona<\/h2>\t\t\t\t<\/div>\n\t\t\t\t<\/div>\n\t\t\t\t<div class=\"elementor-element elementor-element-b01d1fd elementor-widget__width-initial elementor-widget elementor-widget-text-editor\" data-id=\"b01d1fd\" data-element_type=\"widget\" data-e-type=\"widget\" data-widget_type=\"text-editor.default\">\n\t\t\t\t<div class=\"elementor-widget-container\">\n\t\t\t\t\t\t\t\t\t<p>Our <strong>labour agency in Barcelona<\/strong> offers specialized services for the <strong>hiring of foreigners<\/strong> and the <strong>regularization of foreign workers<\/strong>.<\/p><p>We take care of the <strong>processing of work permits<\/strong> and all the necessary steps to ensure that the employment incorporation process complies with current regulations.<\/p><p>Our team of expert advisors in labor and immigration law will accompany you every step of the way, from drafting contracts to resolving conflicts and managing sick leave.<\/p><p>With our services, you can count on one of the best <strong>Employment agencies in Barcelona<\/strong> for the hiring and legalization of foreign workers, guaranteeing complete and secure management of legal obligations towards your employees.<\/p>\t\t\t\t\t\t\t\t<\/div>\n\t\t\t\t<\/div>\n\t\t\t\t\t<\/div>\n\t\t<\/div>\n\t\t\t\t\t<\/div>\n\t\t<\/section>\n\t\t\t\t<section class=\"elementor-section elementor-top-section elementor-element elementor-element-eef41d1 elementor-section-boxed elementor-section-height-default elementor-section-height-default\" data-id=\"eef41d1\" data-element_type=\"section\" data-e-type=\"section\" data-settings=\"{&quot;background_background&quot;:&quot;classic&quot;}\">\n\t\t\t\t\t\t\t<div class=\"elementor-background-overlay\"><\/div>\n\t\t\t\t\t\t\t<div class=\"elementor-container elementor-column-gap-custom\">\n\t\t\t\t\t<div class=\"elementor-column elementor-col-100 elementor-top-column elementor-element elementor-element-a5776d2\" data-id=\"a5776d2\" data-element_type=\"column\" data-e-type=\"column\">\n\t\t\t<div class=\"elementor-widget-wrap elementor-element-populated\">\n\t\t\t\t\t\t<div class=\"elementor-element elementor-element-67ac9aa elementor-widget elementor-widget-heading\" data-id=\"67ac9aa\" data-element_type=\"widget\" data-e-type=\"widget\" data-widget_type=\"heading.default\">\n\t\t\t\t<div class=\"elementor-widget-container\">\n\t\t\t\t\t<h2 class=\"elementor-heading-title elementor-size-default\">Labor Advisory and Consulting Services in Barcelona<\/h2>\t\t\t\t<\/div>\n\t\t\t\t<\/div>\n\t\t\t\t<div class=\"elementor-element elementor-element-43d14f4 elementor-icon-list--layout-traditional elementor-list-item-link-full_width elementor-widget elementor-widget-icon-list\" data-id=\"43d14f4\" data-element_type=\"widget\" data-e-type=\"widget\" data-settings=\"{&quot;_animation&quot;:&quot;none&quot;,&quot;_animation_delay&quot;:100}\" data-widget_type=\"icon-list.default\">\n\t\t\t\t<div class=\"elementor-widget-container\">\n\t\t\t\t\t\t\t<ul class=\"elementor-icon-list-items\">\n\t\t\t\t\t\t\t<li class=\"elementor-icon-list-item\">\n\t\t\t\t\t\t\t\t\t\t\t<span class=\"elementor-icon-list-icon\">\n\t\t\t\t\t\t\t<svg aria-hidden=\"true\" class=\"e-font-icon-svg e-fas-check\" viewbox=\"0 0 512 512\" xmlns=\"http:\/\/www.w3.org\/2000\/svg\"><path d=\"M173.898 439.404l-166.4-166.4c-9.997-9.997-9.997-26.206 0-36.204l36.203-36.204c9.997-9.998 26.207-9.998 36.204 0L192 312.69 432.095 72.596c9.997-9.997 26.207-9.997 36.204 0l36.203 36.204c9.997 9.997 9.997 26.206 0 36.204l-294.4 294.401c-9.998 9.997-26.207 9.997-36.204-.001z\"><\/path><\/svg>\t\t\t\t\t\t<\/span>\n\t\t\t\t\t\t\t\t\t\t<span class=\"elementor-icon-list-text\">Registrations and cancellations \/ variations of self-employed workers.<\/span>\n\t\t\t\t\t\t\t\t\t<\/li>\n\t\t\t\t\t\t\t\t<li class=\"elementor-icon-list-item\">\n\t\t\t\t\t\t\t\t\t\t\t<span class=\"elementor-icon-list-icon\">\n\t\t\t\t\t\t\t<svg aria-hidden=\"true\" class=\"e-font-icon-svg e-fas-check\" viewbox=\"0 0 512 512\" xmlns=\"http:\/\/www.w3.org\/2000\/svg\"><path d=\"M173.898 439.404l-166.4-166.4c-9.997-9.997-9.997-26.206 0-36.204l36.203-36.204c9.997-9.998 26.207-9.998 36.204 0L192 312.69 432.095 72.596c9.997-9.997 26.207-9.997 36.204 0l36.203 36.204c9.997 9.997 9.997 26.206 0 36.204l-294.4 294.401c-9.998 9.997-26.207 9.997-36.204-.001z\"><\/path><\/svg>\t\t\t\t\t\t<\/span>\n\t\t\t\t\t\t\t\t\t\t<span class=\"elementor-icon-list-text\">Calculation and preparation of salary receipts.<\/span>\n\t\t\t\t\t\t\t\t\t<\/li>\n\t\t\t\t\t\t\t\t<li class=\"elementor-icon-list-item\">\n\t\t\t\t\t\t\t\t\t\t\t<span class=\"elementor-icon-list-icon\">\n\t\t\t\t\t\t\t<svg aria-hidden=\"true\" class=\"e-font-icon-svg e-fas-check\" viewbox=\"0 0 512 512\" xmlns=\"http:\/\/www.w3.org\/2000\/svg\"><path d=\"M173.898 439.404l-166.4-166.4c-9.997-9.997-9.997-26.206 0-36.204l36.203-36.204c9.997-9.998 26.207-9.998 36.204 0L192 312.69 432.095 72.596c9.997-9.997 26.207-9.997 36.204 0l36.203 36.204c9.997 9.997 9.997 26.206 0 36.204l-294.4 294.401c-9.998 9.997-26.207 9.997-36.204-.001z\"><\/path><\/svg>\t\t\t\t\t\t<\/span>\n\t\t\t\t\t\t\t\t\t\t<span class=\"elementor-icon-list-text\">Preparation of monthly Social Security contribution settlements.<\/span>\n\t\t\t\t\t\t\t\t\t<\/li>\n\t\t\t\t\t\t\t\t<li class=\"elementor-icon-list-item\">\n\t\t\t\t\t\t\t\t\t\t\t<span class=\"elementor-icon-list-icon\">\n\t\t\t\t\t\t\t<svg aria-hidden=\"true\" class=\"e-font-icon-svg e-fas-check\" viewbox=\"0 0 512 512\" xmlns=\"http:\/\/www.w3.org\/2000\/svg\"><path d=\"M173.898 439.404l-166.4-166.4c-9.997-9.997-9.997-26.206 0-36.204l36.203-36.204c9.997-9.998 26.207-9.998 36.204 0L192 312.69 432.095 72.596c9.997-9.997 26.207-9.997 36.204 0l36.203 36.204c9.997 9.997 9.997 26.206 0 36.204l-294.4 294.401c-9.998 9.997-26.207 9.997-36.204-.001z\"><\/path><\/svg>\t\t\t\t\t\t<\/span>\n\t\t\t\t\t\t\t\t\t\t<span class=\"elementor-icon-list-text\">Preparation of monthly report on Paid Remunerated Items (CRA). <\/span>\n\t\t\t\t\t\t\t\t\t<\/li>\n\t\t\t\t\t\t\t\t<li class=\"elementor-icon-list-item\">\n\t\t\t\t\t\t\t\t\t\t\t<span class=\"elementor-icon-list-icon\">\n\t\t\t\t\t\t\t<svg aria-hidden=\"true\" class=\"e-font-icon-svg e-fas-check\" viewbox=\"0 0 512 512\" xmlns=\"http:\/\/www.w3.org\/2000\/svg\"><path d=\"M173.898 439.404l-166.4-166.4c-9.997-9.997-9.997-26.206 0-36.204l36.203-36.204c9.997-9.998 26.207-9.998 36.204 0L192 312.69 432.095 72.596c9.997-9.997 26.207-9.997 36.204 0l36.203 36.204c9.997 9.997 9.997 26.206 0 36.204l-294.4 294.401c-9.998 9.997-26.207 9.997-36.204-.001z\"><\/path><\/svg>\t\t\t\t\t\t<\/span>\n\t\t\t\t\t\t\t\t\t\t<span class=\"elementor-icon-list-text\">Preparation of quarterly settlements and personal income tax return. <\/span>\n\t\t\t\t\t\t\t\t\t<\/li>\n\t\t\t\t\t\t\t\t<li class=\"elementor-icon-list-item\">\n\t\t\t\t\t\t\t\t\t\t\t<span class=\"elementor-icon-list-icon\">\n\t\t\t\t\t\t\t<svg aria-hidden=\"true\" class=\"e-font-icon-svg e-fas-check\" viewbox=\"0 0 512 512\" xmlns=\"http:\/\/www.w3.org\/2000\/svg\"><path d=\"M173.898 439.404l-166.4-166.4c-9.997-9.997-9.997-26.206 0-36.204l36.203-36.204c9.997-9.998 26.207-9.998 36.204 0L192 312.69 432.095 72.596c9.997-9.997 26.207-9.997 36.204 0l36.203 36.204c9.997 9.997 9.997 26.206 0 36.204l-294.4 294.401c-9.998 9.997-26.207 9.997-36.204-.001z\"><\/path><\/svg>\t\t\t\t\t\t<\/span>\n\t\t\t\t\t\t\t\t\t\t<span class=\"elementor-icon-list-text\">Processing of medical reports for sick leave, confirmation and discharge due to Temporary Disability to the Administration and Work Accidents. <\/span>\n\t\t\t\t\t\t\t\t\t<\/li>\n\t\t\t\t\t\t\t\t<li class=\"elementor-icon-list-item\">\n\t\t\t\t\t\t\t\t\t\t\t<span class=\"elementor-icon-list-icon\">\n\t\t\t\t\t\t\t<svg aria-hidden=\"true\" class=\"e-font-icon-svg e-fas-check\" viewbox=\"0 0 512 512\" xmlns=\"http:\/\/www.w3.org\/2000\/svg\"><path d=\"M173.898 439.404l-166.4-166.4c-9.997-9.997-9.997-26.206 0-36.204l36.203-36.204c9.997-9.998 26.207-9.998 36.204 0L192 312.69 432.095 72.596c9.997-9.997 26.207-9.997 36.204 0l36.203 36.204c9.997 9.997 9.997 26.206 0 36.204l-294.4 294.401c-9.998 9.997-26.207 9.997-36.204-.001z\"><\/path><\/svg>\t\t\t\t\t\t<\/span>\n\t\t\t\t\t\t\t\t\t\t<span class=\"elementor-icon-list-text\">Preparation of the schedule and work calendar.<\/span>\n\t\t\t\t\t\t\t\t\t<\/li>\n\t\t\t\t\t\t\t\t<li class=\"elementor-icon-list-item\">\n\t\t\t\t\t\t\t\t\t\t\t<span class=\"elementor-icon-list-icon\">\n\t\t\t\t\t\t\t<svg aria-hidden=\"true\" class=\"e-font-icon-svg e-fas-check\" viewbox=\"0 0 512 512\" xmlns=\"http:\/\/www.w3.org\/2000\/svg\"><path d=\"M173.898 439.404l-166.4-166.4c-9.997-9.997-9.997-26.206 0-36.204l36.203-36.204c9.997-9.998 26.207-9.998 36.204 0L192 312.69 432.095 72.596c9.997-9.997 26.207-9.997 36.204 0l36.203 36.204c9.997 9.997 9.997 26.206 0 36.204l-294.4 294.401c-9.998 9.997-26.207 9.997-36.204-.001z\"><\/path><\/svg>\t\t\t\t\t\t<\/span>\n\t\t\t\t\t\t\t\t\t\t<span class=\"elementor-icon-list-text\">Preparation and presentation of ordinary contracts, extensions and conversion into indefinite contracts. <\/span>\n\t\t\t\t\t\t\t\t\t<\/li>\n\t\t\t\t\t\t\t\t<li class=\"elementor-icon-list-item\">\n\t\t\t\t\t\t\t\t\t\t\t<span class=\"elementor-icon-list-icon\">\n\t\t\t\t\t\t\t<svg aria-hidden=\"true\" class=\"e-font-icon-svg e-fas-check\" viewbox=\"0 0 512 512\" xmlns=\"http:\/\/www.w3.org\/2000\/svg\"><path d=\"M173.898 439.404l-166.4-166.4c-9.997-9.997-9.997-26.206 0-36.204l36.203-36.204c9.997-9.998 26.207-9.998 36.204 0L192 312.69 432.095 72.596c9.997-9.997 26.207-9.997 36.204 0l36.203 36.204c9.997 9.997 9.997 26.206 0 36.204l-294.4 294.401c-9.998 9.997-26.207 9.997-36.204-.001z\"><\/path><\/svg>\t\t\t\t\t\t<\/span>\n\t\t\t\t\t\t\t\t\t\t<span class=\"elementor-icon-list-text\">Preparation of payroll summary lists and lists of ordinary costs.<\/span>\n\t\t\t\t\t\t\t\t\t<\/li>\n\t\t\t\t\t\t\t\t<li class=\"elementor-icon-list-item\">\n\t\t\t\t\t\t\t\t\t\t\t<span class=\"elementor-icon-list-icon\">\n\t\t\t\t\t\t\t<svg aria-hidden=\"true\" class=\"e-font-icon-svg e-fas-check\" viewbox=\"0 0 512 512\" xmlns=\"http:\/\/www.w3.org\/2000\/svg\"><path d=\"M173.898 439.404l-166.4-166.4c-9.997-9.997-9.997-26.206 0-36.204l36.203-36.204c9.997-9.998 26.207-9.998 36.204 0L192 312.69 432.095 72.596c9.997-9.997 26.207-9.997 36.204 0l36.203 36.204c9.997 9.997 9.997 26.206 0 36.204l-294.4 294.401c-9.998 9.997-26.207 9.997-36.204-.001z\"><\/path><\/svg>\t\t\t\t\t\t<\/span>\n\t\t\t\t\t\t\t\t\t\t<span class=\"elementor-icon-list-text\">Advice on queries arising from the company's labor management.<\/span>\n\t\t\t\t\t\t\t\t\t<\/li>\n\t\t\t\t\t\t<\/ul>\n\t\t\t\t\t\t<\/div>\n\t\t\t\t<\/div>\n\t\t\t\t\t<\/div>\n\t\t<\/div>\n\t\t\t\t\t<\/div>\n\t\t<\/section>\n\t\t\t\t<\/div>","protected":false},"excerpt":{"rendered":"<p>Asesor\u00eda Laboral en Barcelona Tramitamos todo lo necesario para garantizar una gesti\u00f3n eficiente y conforme a las normativas vigentes, tanto de trabajadores aut\u00f3nomos como de administraci\u00f3n salarial y de cotizaciones para empresas, elaboramos informes detallados sobre conceptos retribuidos abonados. Facilitamos la elaboraci\u00f3n de informes mensuales y trimestrales para la declaraciones y proporcionamos asesoramiento en consultas [&hellip;]<\/p>\n","protected":false},"author":1,"featured_media":0,"parent":0,"menu_order":0,"comment_status":"closed","ping_status":"closed","template":"","meta":{"footnotes":""},"class_list":["post-41","page","type-page","status-publish","hentry"],"yoast_head":"<!-- This site is optimized with the Yoast SEO plugin v27.4 - https:\/\/yoast.com\/product\/yoast-seo-wordpress\/ -->\n<title>Gestor\u00eda y asesor\u00eda Laboral en Barcelona - BXC Advisors<\/title>\n<meta name=\"description\" content=\"Si buscas un asesor laboral en Barcelona, en BXC Advisors estamos especializados en asesor\u00eda laboral para empresas, aut\u00f3nomos y particulares.\" \/>\n<meta name=\"robots\" content=\"index, follow, max-snippet:-1, max-image-preview:large, max-video-preview:-1\" \/>\n<link rel=\"canonical\" href=\"https:\/\/bxcadvisors.com\/en\/asesoria-gestoria-laboral-en-barcelona\/\" \/>\n<meta property=\"og:locale\" content=\"en_GB\" \/>\n<meta property=\"og:type\" content=\"article\" \/>\n<meta property=\"og:title\" content=\"Gestor\u00eda y asesor\u00eda Laboral en Barcelona - BXC Advisors\" \/>\n<meta property=\"og:description\" content=\"Si buscas un asesor laboral en Barcelona, en BXC Advisors estamos especializados en asesor\u00eda laboral para empresas, aut\u00f3nomos y particulares.\" \/>\n<meta property=\"og:url\" content=\"https:\/\/bxcadvisors.com\/en\/asesoria-gestoria-laboral-en-barcelona\/\" \/>\n<meta property=\"og:site_name\" content=\"BXC Advisors\" \/>\n<meta property=\"article:modified_time\" content=\"2024-11-04T17:55:37+00:00\" \/>\n<meta property=\"og:image\" content=\"https:\/\/bxcadvisors.com\/wp-content\/uploads\/2024\/05\/cropped-Favicon.png\" \/>\n\t<meta property=\"og:image:width\" content=\"512\" \/>\n\t<meta property=\"og:image:height\" content=\"512\" \/>\n\t<meta property=\"og:image:type\" content=\"image\/png\" \/>\n<script type=\"application\/ld+json\" class=\"yoast-schema-graph\">{\"@context\":\"https:\\\/\\\/schema.org\",\"@graph\":[{\"@type\":\"WebPage\",\"@id\":\"https:\\\/\\\/bxcadvisors.com\\\/asesoria-gestoria-laboral-en-barcelona\\\/\",\"url\":\"https:\\\/\\\/bxcadvisors.com\\\/asesoria-gestoria-laboral-en-barcelona\\\/\",\"name\":\"Gestor\u00eda y asesor\u00eda Laboral en Barcelona - BXC Advisors\",\"isPartOf\":{\"@id\":\"https:\\\/\\\/bxcadvisors.com\\\/#website\"},\"datePublished\":\"2023-08-19T14:59:12+00:00\",\"dateModified\":\"2024-11-04T17:55:37+00:00\",\"description\":\"Si buscas un asesor laboral en Barcelona, en BXC Advisors estamos especializados en asesor\u00eda laboral para empresas, aut\u00f3nomos y particulares.\",\"breadcrumb\":{\"@id\":\"https:\\\/\\\/bxcadvisors.com\\\/asesoria-gestoria-laboral-en-barcelona\\\/#breadcrumb\"},\"inLanguage\":\"en-GB\",\"potentialAction\":[{\"@type\":\"ReadAction\",\"target\":[\"https:\\\/\\\/bxcadvisors.com\\\/asesoria-gestoria-laboral-en-barcelona\\\/\"]}]},{\"@type\":\"BreadcrumbList\",\"@id\":\"https:\\\/\\\/bxcadvisors.com\\\/asesoria-gestoria-laboral-en-barcelona\\\/#breadcrumb\",\"itemListElement\":[{\"@type\":\"ListItem\",\"position\":1,\"name\":\"Portada\",\"item\":\"https:\\\/\\\/bxcadvisors.com\\\/\"},{\"@type\":\"ListItem\",\"position\":2,\"name\":\"Gestor\u00eda y asesor\u00eda Laboral en Barcelona\"}]},{\"@type\":\"WebSite\",\"@id\":\"https:\\\/\\\/bxcadvisors.com\\\/#website\",\"url\":\"https:\\\/\\\/bxcadvisors.com\\\/\",\"name\":\"BxC Advisors\",\"description\":\"Asesor\u00eda global. Expertos en extranjer\u00eda. Resoluci\u00f3n de situaciones migratorias administrativas.\",\"publisher\":{\"@id\":\"https:\\\/\\\/bxcadvisors.com\\\/#organization\"},\"potentialAction\":[{\"@type\":\"SearchAction\",\"target\":{\"@type\":\"EntryPoint\",\"urlTemplate\":\"https:\\\/\\\/bxcadvisors.com\\\/?s={search_term_string}\"},\"query-input\":{\"@type\":\"PropertyValueSpecification\",\"valueRequired\":true,\"valueName\":\"search_term_string\"}}],\"inLanguage\":\"en-GB\"},{\"@type\":\"Organization\",\"@id\":\"https:\\\/\\\/bxcadvisors.com\\\/#organization\",\"name\":\"BxC Advisors\",\"url\":\"https:\\\/\\\/bxcadvisors.com\\\/\",\"logo\":{\"@type\":\"ImageObject\",\"inLanguage\":\"en-GB\",\"@id\":\"https:\\\/\\\/bxcadvisors.com\\\/#\\\/schema\\\/logo\\\/image\\\/\",\"url\":\"https:\\\/\\\/bxcadvisors.com\\\/wp-content\\\/uploads\\\/2024\\\/03\\\/BxC-logo-202403.png\",\"contentUrl\":\"https:\\\/\\\/bxcadvisors.com\\\/wp-content\\\/uploads\\\/2024\\\/03\\\/BxC-logo-202403.png\",\"width\":1123,\"height\":794,\"caption\":\"BxC Advisors\"},\"image\":{\"@id\":\"https:\\\/\\\/bxcadvisors.com\\\/#\\\/schema\\\/logo\\\/image\\\/\"},\"sameAs\":[\"https:\\\/\\\/www.instagram.com\\\/bxcadvisors\",\"https:\\\/\\\/www.tiktok.com\\\/@bxc_advisors\",\"https:\\\/\\\/www.youtube.com\\\/@BxCAdvisors\"]}]}<\/script>\n<!-- \/ Yoast SEO plugin. -->","yoast_head_json":{"title":"Gestor\u00eda y asesor\u00eda Laboral en Barcelona - BXC Advisors","description":"Si buscas un asesor laboral en Barcelona, en BXC Advisors estamos especializados en asesor\u00eda laboral para empresas, aut\u00f3nomos y particulares.","robots":{"index":"index","follow":"follow","max-snippet":"max-snippet:-1","max-image-preview":"max-image-preview:large","max-video-preview":"max-video-preview:-1"},"canonical":"https:\/\/bxcadvisors.com\/en\/asesoria-gestoria-laboral-en-barcelona\/","og_locale":"en_GB","og_type":"article","og_title":"Gestor\u00eda y asesor\u00eda Laboral en Barcelona - BXC Advisors","og_description":"Si buscas un asesor laboral en Barcelona, en BXC Advisors estamos especializados en asesor\u00eda laboral para empresas, aut\u00f3nomos y particulares.","og_url":"https:\/\/bxcadvisors.com\/en\/asesoria-gestoria-laboral-en-barcelona\/","og_site_name":"BXC Advisors","article_modified_time":"2024-11-04T17:55:37+00:00","og_image":[{"width":512,"height":512,"url":"https:\/\/bxcadvisors.com\/wp-content\/uploads\/2024\/05\/cropped-Favicon.png","type":"image\/png"}],"schema":{"@context":"https:\/\/schema.org","@graph":[{"@type":"WebPage","@id":"https:\/\/bxcadvisors.com\/asesoria-gestoria-laboral-en-barcelona\/","url":"https:\/\/bxcadvisors.com\/asesoria-gestoria-laboral-en-barcelona\/","name":"Gestor\u00eda y asesor\u00eda Laboral en Barcelona - BXC Advisors","isPartOf":{"@id":"https:\/\/bxcadvisors.com\/#website"},"datePublished":"2023-08-19T14:59:12+00:00","dateModified":"2024-11-04T17:55:37+00:00","description":"Si buscas un asesor laboral en Barcelona, en BXC Advisors estamos especializados en asesor\u00eda laboral para empresas, aut\u00f3nomos y particulares.","breadcrumb":{"@id":"https:\/\/bxcadvisors.com\/asesoria-gestoria-laboral-en-barcelona\/#breadcrumb"},"inLanguage":"en-GB","potentialAction":[{"@type":"ReadAction","target":["https:\/\/bxcadvisors.com\/asesoria-gestoria-laboral-en-barcelona\/"]}]},{"@type":"BreadcrumbList","@id":"https:\/\/bxcadvisors.com\/asesoria-gestoria-laboral-en-barcelona\/#breadcrumb","itemListElement":[{"@type":"ListItem","position":1,"name":"Portada","item":"https:\/\/bxcadvisors.com\/"},{"@type":"ListItem","position":2,"name":"Gestor\u00eda y asesor\u00eda Laboral en Barcelona"}]},{"@type":"WebSite","@id":"https:\/\/bxcadvisors.com\/#website","url":"https:\/\/bxcadvisors.com\/","name":"BxC Advisors","description":"Global advice. Foreigners experts. Resolution of administrative immigration situations.","publisher":{"@id":"https:\/\/bxcadvisors.com\/#organization"},"potentialAction":[{"@type":"SearchAction","target":{"@type":"EntryPoint","urlTemplate":"https:\/\/bxcadvisors.com\/?s={search_term_string}"},"query-input":{"@type":"PropertyValueSpecification","valueRequired":true,"valueName":"search_term_string"}}],"inLanguage":"en-GB"},{"@type":"Organization","@id":"https:\/\/bxcadvisors.com\/#organization","name":"BxC Advisors","url":"https:\/\/bxcadvisors.com\/","logo":{"@type":"ImageObject","inLanguage":"en-GB","@id":"https:\/\/bxcadvisors.com\/#\/schema\/logo\/image\/","url":"https:\/\/bxcadvisors.com\/wp-content\/uploads\/2024\/03\/BxC-logo-202403.png","contentUrl":"https:\/\/bxcadvisors.com\/wp-content\/uploads\/2024\/03\/BxC-logo-202403.png","width":1123,"height":794,"caption":"BxC Advisors"},"image":{"@id":"https:\/\/bxcadvisors.com\/#\/schema\/logo\/image\/"},"sameAs":["https:\/\/www.instagram.com\/bxcadvisors","https:\/\/www.tiktok.com\/@bxc_advisors","https:\/\/www.youtube.com\/@BxCAdvisors"]}]}},"_links":{"self":[{"href":"https:\/\/bxcadvisors.com\/en\/wp-json\/wp\/v2\/pages\/41","targetHints":{"allow":["GET"]}}],"collection":[{"href":"https:\/\/bxcadvisors.com\/en\/wp-json\/wp\/v2\/pages"}],"about":[{"href":"https:\/\/bxcadvisors.com\/en\/wp-json\/wp\/v2\/types\/page"}],"author":[{"embeddable":true,"href":"https:\/\/bxcadvisors.com\/en\/wp-json\/wp\/v2\/users\/1"}],"replies":[{"embeddable":true,"href":"https:\/\/bxcadvisors.com\/en\/wp-json\/wp\/v2\/comments?post=41"}],"version-history":[{"count":227,"href":"https:\/\/bxcadvisors.com\/en\/wp-json\/wp\/v2\/pages\/41\/revisions"}],"predecessor-version":[{"id":2588,"href":"https:\/\/bxcadvisors.com\/en\/wp-json\/wp\/v2\/pages\/41\/revisions\/2588"}],"wp:attachment":[{"href":"https:\/\/bxcadvisors.com\/en\/wp-json\/wp\/v2\/media?parent=41"}],"curies":[{"name":"wp","href":"https:\/\/api.w.org\/{rel}","templated":true}]}}