{"id":36,"date":"2023-08-19T14:55:32","date_gmt":"2023-08-19T14:55:32","guid":{"rendered":"https:\/\/bxcadvisors.eurovia.net\/?page_id=36"},"modified":"2024-11-04T18:54:20","modified_gmt":"2024-11-04T17:54:20","slug":"asesor-financiero-en-barcelona","status":"publish","type":"page","link":"https:\/\/bxcadvisors.com\/en\/asesor-financiero-en-barcelona\/","title":{"rendered":"Financial Advisor in Barcelona"},"content":{"rendered":"<div data-elementor-type=\"wp-page\" data-elementor-id=\"36\" class=\"elementor elementor-36\" data-elementor-post-type=\"page\">\n\t\t\t\t<div class=\"elementor-element elementor-element-449957f e-flex e-con-boxed e-con e-parent\" data-id=\"449957f\" data-element_type=\"container\" data-e-type=\"container\" data-settings=\"{&quot;background_background&quot;:&quot;classic&quot;}\">\n\t\t\t\t\t<div class=\"e-con-inner\">\n\t\t\t\t<div class=\"elementor-element elementor-element-c3f63b7 elementor-widget elementor-widget-heading\" data-id=\"c3f63b7\" data-element_type=\"widget\" data-e-type=\"widget\" data-widget_type=\"heading.default\">\n\t\t\t\t<div class=\"elementor-widget-container\">\n\t\t\t\t\t<h1 class=\"elementor-heading-title elementor-size-default\">Financial Advisory in Barcelona<\/h1>\t\t\t\t<\/div>\n\t\t\t\t<\/div>\n\t\t\t\t\t<\/div>\n\t\t\t\t<\/div>\n\t\t\t\t<section class=\"elementor-section elementor-top-section elementor-element elementor-element-7ae378b elementor-section-boxed elementor-section-height-default elementor-section-height-default\" data-id=\"7ae378b\" data-element_type=\"section\" data-e-type=\"section\" data-settings=\"{&quot;background_background&quot;:&quot;classic&quot;}\">\n\t\t\t\t\t\t\t<div class=\"elementor-background-overlay\"><\/div>\n\t\t\t\t\t\t\t<div class=\"elementor-container elementor-column-gap-default\">\n\t\t\t\t\t<div class=\"elementor-column elementor-col-50 elementor-top-column elementor-element elementor-element-71c4ae9\" data-id=\"71c4ae9\" data-element_type=\"column\" data-e-type=\"column\" data-settings=\"{&quot;background_background&quot;:&quot;classic&quot;}\">\n\t\t\t<div class=\"elementor-widget-wrap elementor-element-populated\">\n\t\t\t\t\t\t<div class=\"elementor-element elementor-element-521b250 elementor-view-default elementor-widget elementor-widget-icon\" data-id=\"521b250\" data-element_type=\"widget\" data-e-type=\"widget\" data-widget_type=\"icon.default\">\n\t\t\t\t<div class=\"elementor-widget-container\">\n\t\t\t\t\t\t\t<div class=\"elementor-icon-wrapper\">\n\t\t\t<div class=\"elementor-icon\">\n\t\t\t<svg aria-hidden=\"true\" class=\"e-font-icon-svg e-fas-calculator\" viewbox=\"0 0 448 512\" xmlns=\"http:\/\/www.w3.org\/2000\/svg\"><path d=\"M400 0H48C22.4 0 0 22.4 0 48v416c0 25.6 22.4 48 48 48h352c25.6 0 48-22.4 48-48V48c0-25.6-22.4-48-48-48zM128 435.2c0 6.4-6.4 12.8-12.8 12.8H76.8c-6.4 0-12.8-6.4-12.8-12.8v-38.4c0-6.4 6.4-12.8 12.8-12.8h38.4c6.4 0 12.8 6.4 12.8 12.8v38.4zm0-128c0 6.4-6.4 12.8-12.8 12.8H76.8c-6.4 0-12.8-6.4-12.8-12.8v-38.4c0-6.4 6.4-12.8 12.8-12.8h38.4c6.4 0 12.8 6.4 12.8 12.8v38.4zm128 128c0 6.4-6.4 12.8-12.8 12.8h-38.4c-6.4 0-12.8-6.4-12.8-12.8v-38.4c0-6.4 6.4-12.8 12.8-12.8h38.4c6.4 0 12.8 6.4 12.8 12.8v38.4zm0-128c0 6.4-6.4 12.8-12.8 12.8h-38.4c-6.4 0-12.8-6.4-12.8-12.8v-38.4c0-6.4 6.4-12.8 12.8-12.8h38.4c6.4 0 12.8 6.4 12.8 12.8v38.4zm128 128c0 6.4-6.4 12.8-12.8 12.8h-38.4c-6.4 0-12.8-6.4-12.8-12.8V268.8c0-6.4 6.4-12.8 12.8-12.8h38.4c6.4 0 12.8 6.4 12.8 12.8v166.4zm0-256c0 6.4-6.4 12.8-12.8 12.8H76.8c-6.4 0-12.8-6.4-12.8-12.8V76.8C64 70.4 70.4 64 76.8 64h294.4c6.4 0 12.8 6.4 12.8 12.8v102.4z\"><\/path><\/svg>\t\t\t<\/div>\n\t\t<\/div>\n\t\t\t\t\t\t<\/div>\n\t\t\t\t<\/div>\n\t\t\t\t\t<\/div>\n\t\t<\/div>\n\t\t\t\t<div class=\"elementor-column elementor-col-50 elementor-top-column elementor-element elementor-element-2b3376f\" data-id=\"2b3376f\" data-element_type=\"column\" data-e-type=\"column\">\n\t\t\t<div class=\"elementor-widget-wrap elementor-element-populated\">\n\t\t\t\t\t\t<div class=\"elementor-element elementor-element-58e885d elementor-widget elementor-widget-text-editor\" data-id=\"58e885d\" data-element_type=\"widget\" data-e-type=\"widget\" data-widget_type=\"text-editor.default\">\n\t\t\t\t<div class=\"elementor-widget-container\">\n\t\t\t\t\t\t\t\t\t<p>Orderly and truthful accounting provides very relevant information to the company and its management.<\/p><p>Therefore, we must ensure that accounting standards and criteria are followed.<\/p><p>The self-employed also need to have accounting records that, in addition to being a legal requirement, provide them with information about the evolution of their business to anticipate taking measures for improvement.<\/p>\t\t\t\t\t\t\t\t<\/div>\n\t\t\t\t<\/div>\n\t\t\t\t\t<\/div>\n\t\t<\/div>\n\t\t\t\t\t<\/div>\n\t\t<\/section>\n\t\t\t\t<section class=\"elementor-section elementor-top-section elementor-element elementor-element-e2e03c1 elementor-section-boxed elementor-section-height-default elementor-section-height-default\" data-id=\"e2e03c1\" data-element_type=\"section\" data-e-type=\"section\">\n\t\t\t\t\t\t\t<div class=\"elementor-background-overlay\"><\/div>\n\t\t\t\t\t\t\t<div class=\"elementor-container elementor-column-gap-custom\">\n\t\t\t\t\t<div class=\"elementor-column elementor-col-50 elementor-top-column elementor-element elementor-element-89eff69\" data-id=\"89eff69\" data-element_type=\"column\" data-e-type=\"column\">\n\t\t\t<div class=\"elementor-widget-wrap elementor-element-populated\">\n\t\t\t\t\t\t<div class=\"elementor-element elementor-element-9c4f8b7 elementor-widget elementor-widget-heading\" data-id=\"9c4f8b7\" data-element_type=\"widget\" data-e-type=\"widget\" data-widget_type=\"heading.default\">\n\t\t\t\t<div class=\"elementor-widget-container\">\n\t\t\t\t\t<h2 class=\"elementor-heading-title elementor-size-default\">Financial Advisor in Barcelona<\/h2>\t\t\t\t<\/div>\n\t\t\t\t<\/div>\n\t\t\t\t<div class=\"elementor-element elementor-element-dd3139a elementor-widget__width-initial elementor-widget elementor-widget-text-editor\" data-id=\"dd3139a\" data-element_type=\"widget\" data-e-type=\"widget\" data-widget_type=\"text-editor.default\">\n\t\t\t\t<div class=\"elementor-widget-container\">\n\t\t\t\t\t\t\t\t\t<p>In <strong>BxC Advisors<\/strong>We have a team of experts in <strong>financial advice in Barcelona<\/strong> which is prepared to offer you the best financial solutions adapted to your needs. Whether you are an individual or a company, our <strong>financial advisors in Barcelona<\/strong> they will provide you with the necessary support to manage your assets and make strategic decisions that maximize your profitability and minimize risks.<\/p><p>If you are looking for a <strong>financial manager in Barcelona<\/strong> with experience and knowledge in the sector, we offer you a comprehensive service that covers everything from financial planning to investment management and risk analysis of your company. Our goal is to help you achieve your financial goals safely and efficiently.<\/p><p>With the help of a <strong>financial advisor in Barcelona <\/strong>of <strong>BxC Advisors<\/strong>, you will be able to manage your resources intelligently, plan your future and make informed decisions about your investments and personal finances. In addition, our <strong>financial advisors barcelona<\/strong> they are highly qualified to offer you innovative and personalized solutions, whether for the creation of savings plans, planning your retirement or diversifying your investment portfolio.<\/p><p>Trust in <strong>BxC Advisors<\/strong> to get the best <strong>financial advice in Barcelona<\/strong>, and let our experts guide you with your finances or those of your company.<\/p>\t\t\t\t\t\t\t\t<\/div>\n\t\t\t\t<\/div>\n\t\t\t\t\t<\/div>\n\t\t<\/div>\n\t\t\t\t<div class=\"elementor-column elementor-col-50 elementor-top-column elementor-element elementor-element-bf2c364\" data-id=\"bf2c364\" data-element_type=\"column\" data-e-type=\"column\">\n\t\t\t<div class=\"elementor-widget-wrap elementor-element-populated\">\n\t\t\t\t\t\t<div class=\"elementor-element elementor-element-b549188 elementor-widget elementor-widget-heading\" data-id=\"b549188\" data-element_type=\"widget\" data-e-type=\"widget\" data-widget_type=\"heading.default\">\n\t\t\t\t<div class=\"elementor-widget-container\">\n\t\t\t\t\t<h2 class=\"elementor-heading-title elementor-size-default\">Accounting Consulting in Barcelona<\/h2>\t\t\t\t<\/div>\n\t\t\t\t<\/div>\n\t\t\t\t<div class=\"elementor-element elementor-element-16bc027 elementor-widget__width-initial elementor-widget elementor-widget-text-editor\" data-id=\"16bc027\" data-element_type=\"widget\" data-e-type=\"widget\" data-widget_type=\"text-editor.default\">\n\t\t\t\t<div class=\"elementor-widget-container\">\n\t\t\t\t\t\t\t\t\t<p>Correct accounting is essential for the stability and growth of any business, whether you are self-employed or a company. For this reason, in our <strong>accounting consultancy in Barcelona<\/strong>, we provide you with the support you need to manage your finances accurately.<\/p><p>In our <strong>consultancy in Barcelona<\/strong> we have professionals specialized in accounting and taxation, who are aware of all regulations and legal updates.<\/p><p>Our <strong>accounting consultancy in Barcelona<\/strong> is responsible for preparing and filing all your tax returns, advising you on applicable deductions and helping you optimize your resources with the best tax planning.<\/p><p>In addition, in <b>BxC Advisors<\/b>, your <strong>accounting agency in Barcelona,<\/strong> we offer you constant monitoring of your income and expenses, balance sheet analysis and tax filing, so that your accounting is always up to date. In this way, we avoid any possible penalties from the Tax Agency and Social Security.<\/p>\t\t\t\t\t\t\t\t<\/div>\n\t\t\t\t<\/div>\n\t\t\t\t\t<\/div>\n\t\t<\/div>\n\t\t\t\t\t<\/div>\n\t\t<\/section>\n\t\t\t\t<section class=\"elementor-section elementor-top-section elementor-element elementor-element-b3c5194 elementor-section-boxed elementor-section-height-default elementor-section-height-default\" data-id=\"b3c5194\" data-element_type=\"section\" data-e-type=\"section\" data-settings=\"{&quot;background_background&quot;:&quot;classic&quot;}\">\n\t\t\t\t\t\t\t<div class=\"elementor-background-overlay\"><\/div>\n\t\t\t\t\t\t\t<div class=\"elementor-container elementor-column-gap-custom\">\n\t\t\t\t\t<div class=\"elementor-column elementor-col-100 elementor-top-column elementor-element elementor-element-70da433\" data-id=\"70da433\" data-element_type=\"column\" data-e-type=\"column\">\n\t\t\t<div class=\"elementor-widget-wrap elementor-element-populated\">\n\t\t\t\t\t\t<div class=\"elementor-element elementor-element-f9f2a0b elementor-widget elementor-widget-heading\" data-id=\"f9f2a0b\" data-element_type=\"widget\" data-e-type=\"widget\" data-widget_type=\"heading.default\">\n\t\t\t\t<div class=\"elementor-widget-container\">\n\t\t\t\t\t<h2 class=\"elementor-heading-title elementor-size-default\">Financial Consulting and Accounting Services in Barcelona<\/h2>\t\t\t\t<\/div>\n\t\t\t\t<\/div>\n\t\t\t\t<div class=\"elementor-element elementor-element-ec8eeb8 elementor-list-item-link-full_width elementor-widget elementor-widget-icon-list\" data-id=\"ec8eeb8\" data-element_type=\"widget\" data-e-type=\"widget\" data-settings=\"{&quot;_animation&quot;:&quot;none&quot;,&quot;_animation_delay&quot;:100}\" data-widget_type=\"icon-list.default\">\n\t\t\t\t<div class=\"elementor-widget-container\">\n\t\t\t\t\t\t\t<ul class=\"elementor-icon-list-items\">\n\t\t\t\t\t\t\t<li class=\"elementor-icon-list-item\">\n\t\t\t\t\t\t\t\t\t\t\t<span class=\"elementor-icon-list-icon\">\n\t\t\t\t\t\t\t<svg aria-hidden=\"true\" class=\"e-font-icon-svg e-fas-check\" viewbox=\"0 0 512 512\" xmlns=\"http:\/\/www.w3.org\/2000\/svg\"><path d=\"M173.898 439.404l-166.4-166.4c-9.997-9.997-9.997-26.206 0-36.204l36.203-36.204c9.997-9.998 26.207-9.998 36.204 0L192 312.69 432.095 72.596c9.997-9.997 26.207-9.997 36.204 0l36.203 36.204c9.997 9.997 9.997 26.206 0 36.204l-294.4 294.401c-9.998 9.997-26.207 9.997-36.204-.001z\"><\/path><\/svg>\t\t\t\t\t\t<\/span>\n\t\t\t\t\t\t\t\t\t\t<span class=\"elementor-icon-list-text\">Accounting review of companies. Limited Reviews and Audits, whether voluntary or legal. Due Diligence. <\/span>\n\t\t\t\t\t\t\t\t\t<\/li>\n\t\t\t\t\t\t\t\t<li class=\"elementor-icon-list-item\">\n\t\t\t\t\t\t\t\t\t\t\t<span class=\"elementor-icon-list-icon\">\n\t\t\t\t\t\t\t<svg aria-hidden=\"true\" class=\"e-font-icon-svg e-fas-check\" viewbox=\"0 0 512 512\" xmlns=\"http:\/\/www.w3.org\/2000\/svg\"><path d=\"M173.898 439.404l-166.4-166.4c-9.997-9.997-9.997-26.206 0-36.204l36.203-36.204c9.997-9.998 26.207-9.998 36.204 0L192 312.69 432.095 72.596c9.997-9.997 26.207-9.997 36.204 0l36.203 36.204c9.997 9.997 9.997 26.206 0 36.204l-294.4 294.401c-9.998 9.997-26.207 9.997-36.204-.001z\"><\/path><\/svg>\t\t\t\t\t\t<\/span>\n\t\t\t\t\t\t\t\t\t\t<span class=\"elementor-icon-list-text\">Accounting and record keeping of businessmen and professionals in direct or objective estimation regimes. <\/span>\n\t\t\t\t\t\t\t\t\t<\/li>\n\t\t\t\t\t\t\t\t<li class=\"elementor-icon-list-item\">\n\t\t\t\t\t\t\t\t\t\t\t<span class=\"elementor-icon-list-icon\">\n\t\t\t\t\t\t\t<svg aria-hidden=\"true\" class=\"e-font-icon-svg e-fas-check\" viewbox=\"0 0 512 512\" xmlns=\"http:\/\/www.w3.org\/2000\/svg\"><path d=\"M173.898 439.404l-166.4-166.4c-9.997-9.997-9.997-26.206 0-36.204l36.203-36.204c9.997-9.998 26.207-9.998 36.204 0L192 312.69 432.095 72.596c9.997-9.997 26.207-9.997 36.204 0l36.203 36.204c9.997 9.997 9.997 26.206 0 36.204l-294.4 294.401c-9.998 9.997-26.207 9.997-36.204-.001z\"><\/path><\/svg>\t\t\t\t\t\t<\/span>\n\t\t\t\t\t\t\t\t\t\t<span class=\"elementor-icon-list-text\">Updating overdue accounting.<\/span>\n\t\t\t\t\t\t\t\t\t<\/li>\n\t\t\t\t\t\t\t\t<li class=\"elementor-icon-list-item\">\n\t\t\t\t\t\t\t\t\t\t\t<span class=\"elementor-icon-list-icon\">\n\t\t\t\t\t\t\t<svg aria-hidden=\"true\" class=\"e-font-icon-svg e-fas-check\" viewbox=\"0 0 512 512\" xmlns=\"http:\/\/www.w3.org\/2000\/svg\"><path d=\"M173.898 439.404l-166.4-166.4c-9.997-9.997-9.997-26.206 0-36.204l36.203-36.204c9.997-9.998 26.207-9.998 36.204 0L192 312.69 432.095 72.596c9.997-9.997 26.207-9.997 36.204 0l36.203 36.204c9.997 9.997 9.997 26.206 0 36.204l-294.4 294.401c-9.998 9.997-26.207 9.997-36.204-.001z\"><\/path><\/svg>\t\t\t\t\t\t<\/span>\n\t\t\t\t\t\t\t\t\t\t<span class=\"elementor-icon-list-text\">Preparation of annual accounts and filing in the Commercial Registry.<\/span>\n\t\t\t\t\t\t\t\t\t<\/li>\n\t\t\t\t\t\t\t\t<li class=\"elementor-icon-list-item\">\n\t\t\t\t\t\t\t\t\t\t\t<span class=\"elementor-icon-list-icon\">\n\t\t\t\t\t\t\t<svg aria-hidden=\"true\" class=\"e-font-icon-svg e-fas-check\" viewbox=\"0 0 512 512\" xmlns=\"http:\/\/www.w3.org\/2000\/svg\"><path d=\"M173.898 439.404l-166.4-166.4c-9.997-9.997-9.997-26.206 0-36.204l36.203-36.204c9.997-9.998 26.207-9.998 36.204 0L192 312.69 432.095 72.596c9.997-9.997 26.207-9.997 36.204 0l36.203 36.204c9.997 9.997 9.997 26.206 0 36.204l-294.4 294.401c-9.998 9.997-26.207 9.997-36.204-.001z\"><\/path><\/svg>\t\t\t\t\t\t<\/span>\n\t\t\t\t\t\t\t\t\t\t<span class=\"elementor-icon-list-text\">Analysis of balance sheets and issuance of reports to management\/self-employed.<\/span>\n\t\t\t\t\t\t\t\t\t<\/li>\n\t\t\t\t\t\t\t\t<li class=\"elementor-icon-list-item\">\n\t\t\t\t\t\t\t\t\t\t\t<span class=\"elementor-icon-list-icon\">\n\t\t\t\t\t\t\t<svg aria-hidden=\"true\" class=\"e-font-icon-svg e-fas-check\" viewbox=\"0 0 512 512\" xmlns=\"http:\/\/www.w3.org\/2000\/svg\"><path d=\"M173.898 439.404l-166.4-166.4c-9.997-9.997-9.997-26.206 0-36.204l36.203-36.204c9.997-9.998 26.207-9.998 36.204 0L192 312.69 432.095 72.596c9.997-9.997 26.207-9.997 36.204 0l36.203 36.204c9.997 9.997 9.997 26.206 0 36.204l-294.4 294.401c-9.998 9.997-26.207 9.997-36.204-.001z\"><\/path><\/svg>\t\t\t\t\t\t<\/span>\n\t\t\t\t\t\t\t\t\t\t<span class=\"elementor-icon-list-text\">Advice for non-profit entities and accounting management. <\/span>\n\t\t\t\t\t\t\t\t\t<\/li>\n\t\t\t\t\t\t<\/ul>\n\t\t\t\t\t\t<\/div>\n\t\t\t\t<\/div>\n\t\t\t\t\t<\/div>\n\t\t<\/div>\n\t\t\t\t\t<\/div>\n\t\t<\/section>\n\t\t\t\t<\/div>","protected":false},"excerpt":{"rendered":"<p>Asesor\u00eda Financiera en Barcelona Una contabilidad ordenada y veraz proporciona una informaci\u00f3n muy relevante a la empresa y su direcci\u00f3n. Por ello, debemos velar porque se sigan las normas y criterios contables. Tambi\u00e9n los aut\u00f3nomos precisan tener unos registros contables que, adem\u00e1s de ser requisito legal, les dota de informaci\u00f3n sobre la evoluci\u00f3n de su [&hellip;]<\/p>\n","protected":false},"author":1,"featured_media":0,"parent":0,"menu_order":0,"comment_status":"closed","ping_status":"closed","template":"","meta":{"footnotes":""},"class_list":["post-36","page","type-page","status-publish","hentry"],"yoast_head":"<!-- This site is optimized with the Yoast SEO plugin v27.5 - https:\/\/yoast.com\/product\/yoast-seo-wordpress\/ -->\n<title>Asesor Financiero en Barcelona - BXC Advisors<\/title>\n<meta name=\"description\" content=\"Asesor\u00eda y Gestor\u00eda Financiera y Contable en Barcelona. BXC Advisors, tu asesor financiero en Barcelona. Servicios de asesor\u00eda contable\" \/>\n<meta name=\"robots\" content=\"index, follow, max-snippet:-1, max-image-preview:large, max-video-preview:-1\" \/>\n<link rel=\"canonical\" href=\"https:\/\/bxcadvisors.com\/en\/asesor-financiero-en-barcelona\/\" \/>\n<meta property=\"og:locale\" content=\"en_GB\" \/>\n<meta property=\"og:type\" content=\"article\" \/>\n<meta property=\"og:title\" content=\"Asesor Financiero en Barcelona - BXC Advisors\" \/>\n<meta property=\"og:description\" content=\"Asesor\u00eda y Gestor\u00eda Financiera y Contable en Barcelona. BXC Advisors, tu asesor financiero en Barcelona. Servicios de asesor\u00eda contable\" \/>\n<meta property=\"og:url\" content=\"https:\/\/bxcadvisors.com\/en\/asesor-financiero-en-barcelona\/\" \/>\n<meta property=\"og:site_name\" content=\"BXC Advisors\" \/>\n<meta property=\"article:modified_time\" content=\"2024-11-04T17:54:20+00:00\" \/>\n<meta property=\"og:image\" content=\"https:\/\/bxcadvisors.com\/wp-content\/uploads\/2024\/05\/cropped-Favicon.png\" \/>\n\t<meta property=\"og:image:width\" content=\"512\" \/>\n\t<meta property=\"og:image:height\" content=\"512\" \/>\n\t<meta property=\"og:image:type\" content=\"image\/png\" \/>\n<script type=\"application\/ld+json\" class=\"yoast-schema-graph\">{\"@context\":\"https:\\\/\\\/schema.org\",\"@graph\":[{\"@type\":\"WebPage\",\"@id\":\"https:\\\/\\\/bxcadvisors.com\\\/asesor-financiero-en-barcelona\\\/\",\"url\":\"https:\\\/\\\/bxcadvisors.com\\\/asesor-financiero-en-barcelona\\\/\",\"name\":\"Asesor Financiero en Barcelona - BXC Advisors\",\"isPartOf\":{\"@id\":\"https:\\\/\\\/bxcadvisors.com\\\/#website\"},\"datePublished\":\"2023-08-19T14:55:32+00:00\",\"dateModified\":\"2024-11-04T17:54:20+00:00\",\"description\":\"Asesor\u00eda y Gestor\u00eda Financiera y Contable en Barcelona. BXC Advisors, tu asesor financiero en Barcelona. Servicios de asesor\u00eda contable\",\"breadcrumb\":{\"@id\":\"https:\\\/\\\/bxcadvisors.com\\\/asesor-financiero-en-barcelona\\\/#breadcrumb\"},\"inLanguage\":\"en-GB\",\"potentialAction\":[{\"@type\":\"ReadAction\",\"target\":[\"https:\\\/\\\/bxcadvisors.com\\\/asesor-financiero-en-barcelona\\\/\"]}]},{\"@type\":\"BreadcrumbList\",\"@id\":\"https:\\\/\\\/bxcadvisors.com\\\/asesor-financiero-en-barcelona\\\/#breadcrumb\",\"itemListElement\":[{\"@type\":\"ListItem\",\"position\":1,\"name\":\"Portada\",\"item\":\"https:\\\/\\\/bxcadvisors.com\\\/\"},{\"@type\":\"ListItem\",\"position\":2,\"name\":\"Asesor Financiero en Barcelona\"}]},{\"@type\":\"WebSite\",\"@id\":\"https:\\\/\\\/bxcadvisors.com\\\/#website\",\"url\":\"https:\\\/\\\/bxcadvisors.com\\\/\",\"name\":\"BxC Advisors\",\"description\":\"Asesor\u00eda global. Expertos en extranjer\u00eda. Resoluci\u00f3n de situaciones migratorias administrativas.\",\"publisher\":{\"@id\":\"https:\\\/\\\/bxcadvisors.com\\\/#organization\"},\"potentialAction\":[{\"@type\":\"SearchAction\",\"target\":{\"@type\":\"EntryPoint\",\"urlTemplate\":\"https:\\\/\\\/bxcadvisors.com\\\/?s={search_term_string}\"},\"query-input\":{\"@type\":\"PropertyValueSpecification\",\"valueRequired\":true,\"valueName\":\"search_term_string\"}}],\"inLanguage\":\"en-GB\"},{\"@type\":\"Organization\",\"@id\":\"https:\\\/\\\/bxcadvisors.com\\\/#organization\",\"name\":\"BxC Advisors\",\"url\":\"https:\\\/\\\/bxcadvisors.com\\\/\",\"logo\":{\"@type\":\"ImageObject\",\"inLanguage\":\"en-GB\",\"@id\":\"https:\\\/\\\/bxcadvisors.com\\\/#\\\/schema\\\/logo\\\/image\\\/\",\"url\":\"https:\\\/\\\/bxcadvisors.com\\\/wp-content\\\/uploads\\\/2024\\\/03\\\/BxC-logo-202403.png\",\"contentUrl\":\"https:\\\/\\\/bxcadvisors.com\\\/wp-content\\\/uploads\\\/2024\\\/03\\\/BxC-logo-202403.png\",\"width\":1123,\"height\":794,\"caption\":\"BxC Advisors\"},\"image\":{\"@id\":\"https:\\\/\\\/bxcadvisors.com\\\/#\\\/schema\\\/logo\\\/image\\\/\"},\"sameAs\":[\"https:\\\/\\\/www.instagram.com\\\/bxcadvisors\",\"https:\\\/\\\/www.tiktok.com\\\/@bxc_advisors\",\"https:\\\/\\\/www.youtube.com\\\/@BxCAdvisors\"]}]}<\/script>\n<!-- \/ Yoast SEO plugin. -->","yoast_head_json":{"title":"Asesor Financiero en Barcelona - BXC Advisors","description":"Asesor\u00eda y Gestor\u00eda Financiera y Contable en Barcelona. BXC Advisors, tu asesor financiero en Barcelona. Servicios de asesor\u00eda contable","robots":{"index":"index","follow":"follow","max-snippet":"max-snippet:-1","max-image-preview":"max-image-preview:large","max-video-preview":"max-video-preview:-1"},"canonical":"https:\/\/bxcadvisors.com\/en\/asesor-financiero-en-barcelona\/","og_locale":"en_GB","og_type":"article","og_title":"Asesor Financiero en Barcelona - BXC Advisors","og_description":"Asesor\u00eda y Gestor\u00eda Financiera y Contable en Barcelona. BXC Advisors, tu asesor financiero en Barcelona. Servicios de asesor\u00eda contable","og_url":"https:\/\/bxcadvisors.com\/en\/asesor-financiero-en-barcelona\/","og_site_name":"BXC Advisors","article_modified_time":"2024-11-04T17:54:20+00:00","og_image":[{"width":512,"height":512,"url":"https:\/\/bxcadvisors.com\/wp-content\/uploads\/2024\/05\/cropped-Favicon.png","type":"image\/png"}],"schema":{"@context":"https:\/\/schema.org","@graph":[{"@type":"WebPage","@id":"https:\/\/bxcadvisors.com\/asesor-financiero-en-barcelona\/","url":"https:\/\/bxcadvisors.com\/asesor-financiero-en-barcelona\/","name":"Asesor Financiero en Barcelona - BXC Advisors","isPartOf":{"@id":"https:\/\/bxcadvisors.com\/#website"},"datePublished":"2023-08-19T14:55:32+00:00","dateModified":"2024-11-04T17:54:20+00:00","description":"Asesor\u00eda y Gestor\u00eda Financiera y Contable en Barcelona. BXC Advisors, tu asesor financiero en Barcelona. Servicios de asesor\u00eda contable","breadcrumb":{"@id":"https:\/\/bxcadvisors.com\/asesor-financiero-en-barcelona\/#breadcrumb"},"inLanguage":"en-GB","potentialAction":[{"@type":"ReadAction","target":["https:\/\/bxcadvisors.com\/asesor-financiero-en-barcelona\/"]}]},{"@type":"BreadcrumbList","@id":"https:\/\/bxcadvisors.com\/asesor-financiero-en-barcelona\/#breadcrumb","itemListElement":[{"@type":"ListItem","position":1,"name":"Portada","item":"https:\/\/bxcadvisors.com\/"},{"@type":"ListItem","position":2,"name":"Asesor Financiero en Barcelona"}]},{"@type":"WebSite","@id":"https:\/\/bxcadvisors.com\/#website","url":"https:\/\/bxcadvisors.com\/","name":"BxC Advisors","description":"Global advice. Foreigners experts. Resolution of administrative immigration situations.","publisher":{"@id":"https:\/\/bxcadvisors.com\/#organization"},"potentialAction":[{"@type":"SearchAction","target":{"@type":"EntryPoint","urlTemplate":"https:\/\/bxcadvisors.com\/?s={search_term_string}"},"query-input":{"@type":"PropertyValueSpecification","valueRequired":true,"valueName":"search_term_string"}}],"inLanguage":"en-GB"},{"@type":"Organization","@id":"https:\/\/bxcadvisors.com\/#organization","name":"BxC Advisors","url":"https:\/\/bxcadvisors.com\/","logo":{"@type":"ImageObject","inLanguage":"en-GB","@id":"https:\/\/bxcadvisors.com\/#\/schema\/logo\/image\/","url":"https:\/\/bxcadvisors.com\/wp-content\/uploads\/2024\/03\/BxC-logo-202403.png","contentUrl":"https:\/\/bxcadvisors.com\/wp-content\/uploads\/2024\/03\/BxC-logo-202403.png","width":1123,"height":794,"caption":"BxC Advisors"},"image":{"@id":"https:\/\/bxcadvisors.com\/#\/schema\/logo\/image\/"},"sameAs":["https:\/\/www.instagram.com\/bxcadvisors","https:\/\/www.tiktok.com\/@bxc_advisors","https:\/\/www.youtube.com\/@BxCAdvisors"]}]}},"_links":{"self":[{"href":"https:\/\/bxcadvisors.com\/en\/wp-json\/wp\/v2\/pages\/36","targetHints":{"allow":["GET"]}}],"collection":[{"href":"https:\/\/bxcadvisors.com\/en\/wp-json\/wp\/v2\/pages"}],"about":[{"href":"https:\/\/bxcadvisors.com\/en\/wp-json\/wp\/v2\/types\/page"}],"author":[{"embeddable":true,"href":"https:\/\/bxcadvisors.com\/en\/wp-json\/wp\/v2\/users\/1"}],"replies":[{"embeddable":true,"href":"https:\/\/bxcadvisors.com\/en\/wp-json\/wp\/v2\/comments?post=36"}],"version-history":[{"count":130,"href":"https:\/\/bxcadvisors.com\/en\/wp-json\/wp\/v2\/pages\/36\/revisions"}],"predecessor-version":[{"id":2579,"href":"https:\/\/bxcadvisors.com\/en\/wp-json\/wp\/v2\/pages\/36\/revisions\/2579"}],"wp:attachment":[{"href":"https:\/\/bxcadvisors.com\/en\/wp-json\/wp\/v2\/media?parent=36"}],"curies":[{"name":"wp","href":"https:\/\/api.w.org\/{rel}","templated":true}]}}